{"id":9089,"date":"2024-08-09T10:50:00","date_gmt":"2024-08-09T08:50:00","guid":{"rendered":"https:\/\/kwadronpmu.com\/?post_type=product&#038;p=9089"},"modified":"2026-04-03T08:28:09","modified_gmt":"2026-04-03T06:28:09","slug":"oslonka-na-grip-unistar-100-szt","status":"publish","type":"product","link":"https:\/\/kwadronpmu.com\/en\/product\/oslonka-na-grip-unistar-100-szt","title":{"rendered":"Unistar grip cover \u2013 100 pcs"},"content":{"rendered":"<div id=\"pl-9089\"  class=\"panel-layout\" ><div id=\"pg-9089-0\"  class=\"panel-grid panel-no-style\" ><div id=\"pgc-9089-0-0\"  class=\"panel-grid-cell panel-grid-cell-empty\" ><\/div><\/div><div id=\"pg-9089-1\"  class=\"panel-grid panel-no-style\" ><div id=\"pgc-9089-1-0\"  class=\"panel-grid-cell panel-grid-cell-empty\" ><\/div><\/div><div id=\"pg-9089-2\"  class=\"panel-grid panel-no-style\" ><div id=\"pgc-9089-2-0\"  class=\"panel-grid-cell panel-grid-cell-empty\" ><\/div><\/div><div id=\"pg-9089-3\"  class=\"panel-grid panel-no-style\" ><div id=\"pgc-9089-3-0\"  class=\"panel-grid-cell panel-grid-cell-empty\" ><\/div><\/div><\/div>","protected":false},"excerpt":{"rendered":"<div class=\"mb-4 mb-lg-5 text-sm-left text-center cms-content\">\n<div class=\"mb-4 mb-lg-5 text-sm-left text-center cms-content\">\n<div class=\"mb-4 mb-lg-5 text-sm-left text-center cms-content\">\n<div class=\"mb-4 mb-lg-5 text-sm-left text-center cms-content\">\n<div class=\"mb-4 mb-lg-5 text-sm-left text-center cms-content\">\n<div class=\"mb-4 mb-lg-5 text-sm-left text-center cms-content\">\n<p>Jednorazowe os\u0142onki silikonowe na grip firmy UNISTAR. Niezb\u0119dny produkt dla tatuatora, kt\u00f3ry dba o najwy\u017csze standardy higieny i bezpiecze\u0144stwa.<\/p>\n<p>Opakowanie zawiera 100 sztuk.<\/p>\n<\/div>\n<div class=\"js-product-top\"><\/div>\n<\/div>\n<div class=\"js-product-top\"><\/div>\n<\/div>\n<div class=\"js-product-top\"><\/div>\n<div class=\"product-extra-info mb-4 mb-lg-5\">\n<div class=\"row mx-n1 align-items-center justify-content-center justify-content-sm-start\">\n<div class=\"col-auto px-1\">\n<div class=\"row align-items-center mx-0\">\n<div class=\"col-auto pl-0 d-flex pr-1\">\n<div class=\"grade-stars\">\n<div class=\"star-content\"><\/div>\n<\/div>\n<\/div>\n<\/div>\n<\/div>\n<\/div>\n<\/div>\n<\/div>\n<div class=\"js-product-top\"><\/div>\n<\/div>\n<div class=\"js-product-top\"><\/div>\n<\/div>\n<div class=\"js-product-top\"><\/div>\n","protected":false},"featured_media":9091,"template":"","meta":{"_acf_changed":false},"product_brand":[],"product_cat":[162,276],"product_tag":[],"class_list":{"0":"post-9089","1":"product","2":"type-product","3":"status-publish","4":"has-post-thumbnail","6":"product_cat-accessories","7":"product_cat-hygiene","9":"first","10":"instock","11":"taxable","12":"shipping-taxable","13":"purchasable","14":"product-type-simple"},"acf":[],"yoast_head":"<!-- This site is optimized with the Yoast SEO Premium plugin v27.1 (Yoast SEO v27.1.1) - https:\/\/yoast.com\/product\/yoast-seo-premium-wordpress\/ -->\n<title>Unistar grip cover \u2013 100 pcs - Kwadron PMU<\/title>\n<meta name=\"robots\" content=\"index, follow, max-snippet:-1, max-image-preview:large, max-video-preview:-1\" \/>\n<link rel=\"canonical\" href=\"https:\/\/kwadronpmu.com\/en\/product\/oslonka-na-grip-unistar-100-szt\" \/>\n<meta property=\"og:locale\" content=\"en_US\" \/>\n<meta property=\"og:type\" content=\"article\" \/>\n<meta property=\"og:title\" content=\"Unistar grip cover \u2013 100 pcs\" \/>\n<meta property=\"og:description\" content=\"Jednorazowe os\u0142onki silikonowe na grip firmy UNISTAR. Niezb\u0119dny produkt dla tatuatora, kt\u00f3ry dba o najwy\u017csze standardy higieny i bezpiecze\u0144stwa.  Opakowanie zawiera 100 sztuk.\" \/>\n<meta property=\"og:url\" content=\"https:\/\/kwadronpmu.com\/en\/product\/oslonka-na-grip-unistar-100-szt\" \/>\n<meta property=\"og:site_name\" content=\"Kwadron PMU\" \/>\n<meta property=\"article:modified_time\" content=\"2026-04-03T06:28:09+00:00\" \/>\n<meta property=\"og:image\" content=\"https:\/\/kwadronpmu.com\/wp-content\/uploads\/2024\/08\/oslonka-na-grip-unistar-100-szt.jpg\" \/>\n\t<meta property=\"og:image:width\" content=\"800\" \/>\n\t<meta property=\"og:image:height\" content=\"800\" \/>\n\t<meta property=\"og:image:type\" content=\"image\/jpeg\" \/>\n<meta name=\"twitter:card\" content=\"summary_large_image\" \/>\n<meta name=\"twitter:label1\" content=\"Est. reading time\" \/>\n\t<meta name=\"twitter:data1\" content=\"1 minute\" \/>\n<script type=\"application\/ld+json\" class=\"yoast-schema-graph\">{\"@context\":\"https:\/\/schema.org\",\"@graph\":[{\"@type\":\"WebPage\",\"@id\":\"https:\/\/kwadronpmu.com\/en\/product\/oslonka-na-grip-unistar-100-szt\",\"url\":\"https:\/\/kwadronpmu.com\/en\/product\/oslonka-na-grip-unistar-100-szt\",\"name\":\"Unistar grip cover \u2013 100 pcs - Kwadron PMU\",\"isPartOf\":{\"@id\":\"https:\/\/kwadronpmu.com\/en\/#website\"},\"primaryImageOfPage\":{\"@id\":\"https:\/\/kwadronpmu.com\/en\/product\/oslonka-na-grip-unistar-100-szt#primaryimage\"},\"image\":{\"@id\":\"https:\/\/kwadronpmu.com\/en\/product\/oslonka-na-grip-unistar-100-szt#primaryimage\"},\"thumbnailUrl\":\"https:\/\/kwadronpmu.com\/wp-content\/uploads\/2024\/08\/oslonka-na-grip-unistar-100-szt.jpg\",\"datePublished\":\"2024-08-09T08:50:00+00:00\",\"dateModified\":\"2026-04-03T06:28:09+00:00\",\"breadcrumb\":{\"@id\":\"https:\/\/kwadronpmu.com\/en\/product\/oslonka-na-grip-unistar-100-szt#breadcrumb\"},\"inLanguage\":\"en-US\",\"potentialAction\":[{\"@type\":\"ReadAction\",\"target\":[\"https:\/\/kwadronpmu.com\/en\/product\/oslonka-na-grip-unistar-100-szt\"]}]},{\"@type\":\"ImageObject\",\"inLanguage\":\"en-US\",\"@id\":\"https:\/\/kwadronpmu.com\/en\/product\/oslonka-na-grip-unistar-100-szt#primaryimage\",\"url\":\"https:\/\/kwadronpmu.com\/wp-content\/uploads\/2024\/08\/oslonka-na-grip-unistar-100-szt.jpg\",\"contentUrl\":\"https:\/\/kwadronpmu.com\/wp-content\/uploads\/2024\/08\/oslonka-na-grip-unistar-100-szt.jpg\",\"width\":800,\"height\":800},{\"@type\":\"BreadcrumbList\",\"@id\":\"https:\/\/kwadronpmu.com\/en\/product\/oslonka-na-grip-unistar-100-szt#breadcrumb\",\"itemListElement\":[{\"@type\":\"ListItem\",\"position\":1,\"name\":\"Home\",\"item\":\"https:\/\/kwadronpmu.com\/en\"},{\"@type\":\"ListItem\",\"position\":2,\"name\":\"Unistar grip cover \u2013 100 pcs\"}]},{\"@type\":\"WebSite\",\"@id\":\"https:\/\/kwadronpmu.com\/en\/#website\",\"url\":\"https:\/\/kwadronpmu.com\/en\/\",\"name\":\"Kwadron PMU\",\"description\":\"\",\"publisher\":{\"@id\":\"https:\/\/kwadronpmu.com\/en\/#organization\"},\"potentialAction\":[{\"@type\":\"SearchAction\",\"target\":{\"@type\":\"EntryPoint\",\"urlTemplate\":\"https:\/\/kwadronpmu.com\/en\/?s={search_term_string}\"},\"query-input\":{\"@type\":\"PropertyValueSpecification\",\"valueRequired\":true,\"valueName\":\"search_term_string\"}}],\"inLanguage\":\"en-US\"},{\"@type\":\"Organization\",\"@id\":\"https:\/\/kwadronpmu.com\/en\/#organization\",\"name\":\"Kwadron PMU\",\"url\":\"https:\/\/kwadronpmu.com\/en\/\",\"logo\":{\"@type\":\"ImageObject\",\"inLanguage\":\"en-US\",\"@id\":\"https:\/\/kwadronpmu.com\/en\/#\/schema\/logo\/image\/\",\"url\":\"https:\/\/kwadronpmu.com\/wp-content\/uploads\/2025\/03\/logo-2.png\",\"contentUrl\":\"https:\/\/kwadronpmu.com\/wp-content\/uploads\/2025\/03\/logo-2.png\",\"width\":150,\"height\":80,\"caption\":\"Kwadron PMU\"},\"image\":{\"@id\":\"https:\/\/kwadronpmu.com\/en\/#\/schema\/logo\/image\/\"}}]}<\/script>\n<!-- \/ Yoast SEO Premium plugin. -->","yoast_head_json":{"title":"Unistar grip cover \u2013 100 pcs - Kwadron PMU","robots":{"index":"index","follow":"follow","max-snippet":"max-snippet:-1","max-image-preview":"max-image-preview:large","max-video-preview":"max-video-preview:-1"},"canonical":"https:\/\/kwadronpmu.com\/en\/product\/oslonka-na-grip-unistar-100-szt","og_locale":"en_US","og_type":"article","og_title":"Unistar grip cover \u2013 100 pcs","og_description":"Jednorazowe os\u0142onki silikonowe na grip firmy UNISTAR. Niezb\u0119dny produkt dla tatuatora, kt\u00f3ry dba o najwy\u017csze standardy higieny i bezpiecze\u0144stwa.  Opakowanie zawiera 100 sztuk.","og_url":"https:\/\/kwadronpmu.com\/en\/product\/oslonka-na-grip-unistar-100-szt","og_site_name":"Kwadron PMU","article_modified_time":"2026-04-03T06:28:09+00:00","og_image":[{"width":800,"height":800,"url":"https:\/\/kwadronpmu.com\/wp-content\/uploads\/2024\/08\/oslonka-na-grip-unistar-100-szt.jpg","type":"image\/jpeg"}],"twitter_card":"summary_large_image","twitter_misc":{"Est. reading time":"1 minute"},"schema":{"@context":"https:\/\/schema.org","@graph":[{"@type":"WebPage","@id":"https:\/\/kwadronpmu.com\/en\/product\/oslonka-na-grip-unistar-100-szt","url":"https:\/\/kwadronpmu.com\/en\/product\/oslonka-na-grip-unistar-100-szt","name":"Unistar grip cover \u2013 100 pcs - Kwadron PMU","isPartOf":{"@id":"https:\/\/kwadronpmu.com\/en\/#website"},"primaryImageOfPage":{"@id":"https:\/\/kwadronpmu.com\/en\/product\/oslonka-na-grip-unistar-100-szt#primaryimage"},"image":{"@id":"https:\/\/kwadronpmu.com\/en\/product\/oslonka-na-grip-unistar-100-szt#primaryimage"},"thumbnailUrl":"https:\/\/kwadronpmu.com\/wp-content\/uploads\/2024\/08\/oslonka-na-grip-unistar-100-szt.jpg","datePublished":"2024-08-09T08:50:00+00:00","dateModified":"2026-04-03T06:28:09+00:00","breadcrumb":{"@id":"https:\/\/kwadronpmu.com\/en\/product\/oslonka-na-grip-unistar-100-szt#breadcrumb"},"inLanguage":"en-US","potentialAction":[{"@type":"ReadAction","target":["https:\/\/kwadronpmu.com\/en\/product\/oslonka-na-grip-unistar-100-szt"]}]},{"@type":"ImageObject","inLanguage":"en-US","@id":"https:\/\/kwadronpmu.com\/en\/product\/oslonka-na-grip-unistar-100-szt#primaryimage","url":"https:\/\/kwadronpmu.com\/wp-content\/uploads\/2024\/08\/oslonka-na-grip-unistar-100-szt.jpg","contentUrl":"https:\/\/kwadronpmu.com\/wp-content\/uploads\/2024\/08\/oslonka-na-grip-unistar-100-szt.jpg","width":800,"height":800},{"@type":"BreadcrumbList","@id":"https:\/\/kwadronpmu.com\/en\/product\/oslonka-na-grip-unistar-100-szt#breadcrumb","itemListElement":[{"@type":"ListItem","position":1,"name":"Home","item":"https:\/\/kwadronpmu.com\/en"},{"@type":"ListItem","position":2,"name":"Unistar grip cover \u2013 100 pcs"}]},{"@type":"WebSite","@id":"https:\/\/kwadronpmu.com\/en\/#website","url":"https:\/\/kwadronpmu.com\/en\/","name":"Kwadron PMU","description":"","publisher":{"@id":"https:\/\/kwadronpmu.com\/en\/#organization"},"potentialAction":[{"@type":"SearchAction","target":{"@type":"EntryPoint","urlTemplate":"https:\/\/kwadronpmu.com\/en\/?s={search_term_string}"},"query-input":{"@type":"PropertyValueSpecification","valueRequired":true,"valueName":"search_term_string"}}],"inLanguage":"en-US"},{"@type":"Organization","@id":"https:\/\/kwadronpmu.com\/en\/#organization","name":"Kwadron PMU","url":"https:\/\/kwadronpmu.com\/en\/","logo":{"@type":"ImageObject","inLanguage":"en-US","@id":"https:\/\/kwadronpmu.com\/en\/#\/schema\/logo\/image\/","url":"https:\/\/kwadronpmu.com\/wp-content\/uploads\/2025\/03\/logo-2.png","contentUrl":"https:\/\/kwadronpmu.com\/wp-content\/uploads\/2025\/03\/logo-2.png","width":150,"height":80,"caption":"Kwadron PMU"},"image":{"@id":"https:\/\/kwadronpmu.com\/en\/#\/schema\/logo\/image\/"}}]}},"_links":{"self":[{"href":"https:\/\/kwadronpmu.com\/en\/wp-json\/wp\/v2\/product\/9089","targetHints":{"allow":["GET"]}}],"collection":[{"href":"https:\/\/kwadronpmu.com\/en\/wp-json\/wp\/v2\/product"}],"about":[{"href":"https:\/\/kwadronpmu.com\/en\/wp-json\/wp\/v2\/types\/product"}],"wp:featuredmedia":[{"embeddable":true,"href":"https:\/\/kwadronpmu.com\/en\/wp-json\/wp\/v2\/media\/9091"}],"wp:attachment":[{"href":"https:\/\/kwadronpmu.com\/en\/wp-json\/wp\/v2\/media?parent=9089"}],"wp:term":[{"taxonomy":"product_brand","embeddable":true,"href":"https:\/\/kwadronpmu.com\/en\/wp-json\/wp\/v2\/product_brand?post=9089"},{"taxonomy":"product_cat","embeddable":true,"href":"https:\/\/kwadronpmu.com\/en\/wp-json\/wp\/v2\/product_cat?post=9089"},{"taxonomy":"product_tag","embeddable":true,"href":"https:\/\/kwadronpmu.com\/en\/wp-json\/wp\/v2\/product_tag?post=9089"}],"curies":[{"name":"wp","href":"https:\/\/api.w.org\/{rel}","templated":true}]}}