{"id":28713,"date":"2026-03-30T14:26:33","date_gmt":"2026-03-30T12:26:33","guid":{"rendered":"https:\/\/kwadronpmu.com\/?post_type=product&#038;p=28713"},"modified":"2026-04-03T15:47:41","modified_gmt":"2026-04-03T13:47:41","slug":"kwadron-cartridge-system-35-5fllt-round-liner-flat-1pc-kopia","status":"publish","type":"product","link":"https:\/\/kwadronpmu.com\/en\/product\/kwadron-cartridge-system-35-5fllt-round-liner-flat-1pc-kopia","title":{"rendered":"KWADRON Cartridge System 35\/7fllt &#8211; Round Liner &#8211; Flat &#8211; 1pc"},"content":{"rendered":"<div id=\"pl-28713\"  class=\"panel-layout\" ><div id=\"pg-28713-0\"  class=\"panel-grid panel-no-style\" ><div id=\"pgc-28713-0-0\"  class=\"panel-grid-cell\" ><div id=\"panel-28713-0-0-0\" class=\"so-panel widget widget_boxes-widget panel-first-child panel-last-child\" data-index=\"0\" ><div\n\t\t\t\n\t\t\tclass=\"so-widget-boxes-widget so-widget-boxes-widget-base\"\n\t\t\t\n\t\t><section class=\"content-boxes\">\n\t\t\t<div class=\"box\">\n\t\t\t<div class=\"image\">\n\t\t\t\t<img decoding=\"async\" src=\"https:\/\/kwadronpmu.com\/wp-content\/uploads\/2025\/05\/115-scaled.jpg\" \/>\n\t\t\t<\/div>\n\t\t\t<div class=\"desc\">\n\t\t\t\t<div class=\"description\">\n\t\t\t\t\t<p class=\"product-description__title h1\"><strong>Zastosowanie cartridgy typu flat<\/strong><\/p>\n<div class=\"product-description__col product-description__col--text col-12 col-lg-6\">\n<div class=\"product-description__desc\">\n<p>Ig\u0142y p\u0142askie pozwalaj\u0105 na precyzyjne cieniowanie, poniewa\u017c s\u0105 \u0142atwe do ustawienia pod odpowiednim k\u0105tem. Flaty mog\u0105 by\u0107 u\u017cywane r\u00f3wnie\u017c do konturowania, poniewa\u017c ich kszta\u0142t pozwala na dostarczanie wi\u0119kszej ilo\u015bci atramentu do sk\u00f3ry przy ka\u017cdym poci\u0105gni\u0119ciu. Oznacza to wyra\u017aniejsze, ciemniejsze linie za pomoc\u0105 jednego ruchu. Wi\u0119ksze konfiguracje flat\u00f3w mog\u0105 by\u0107 u\u017cywane do wype\u0142niania kolorem i cieniowania, poniewa\u017c wbijaj\u0105 du\u017co wi\u0119cej farby ju\u017c przy jednym przeje\u017adzie. Ig\u0142y p\u0142askie, czyli flaty s\u0105 dobre do skomplikowanego cieniowania, takiego jak we wzorach geometrycznych i pracach takich jak mandale.<\/p>\n<\/div>\n<\/div>\n\t\t\t\t\t\t\t\t\t\t\n\t\t\t\t<\/div>\n\t\t\t<\/div>\n\t\t<\/div>\n\t\t\t<div class=\"box\">\n\t\t\t<div class=\"image\">\n\t\t\t\t<img decoding=\"async\" src=\"https:\/\/kwadronpmu.com\/wp-content\/uploads\/2025\/05\/117.png\" \/>\n\t\t\t<\/div>\n\t\t\t<div class=\"desc\">\n\t\t\t\t<div class=\"description\">\n\t\t\t\t\t<p><strong>Kwadron Cartridge System<\/strong><\/p>\n<p>Jednym z zasadniczych czynnik\u00f3w, kt\u00f3re doprowadzi\u0142y do stworzenia cartridgy KWADRON, by\u0142a ch\u0119\u0107 dostarczenia produktu posiadaj\u0105cego najwy\u017csze walory u\u017cytkowe, a przede wszystkim najwy\u017cszej jako\u015bci nieosi\u0105galnej dla innych marek. Wykorzystuj\u0105c fachow\u0105 wiedz\u0119 i do\u015bwiadczenie, \u015bledz\u0105c trendy i s\u0142uchaj\u0105c tatuator\u00f3w stworzyli\u015bmy cartridge idealnie dopasowane do potrzeb naszych klient\u00f3w. Cartridge Kwadron to niekwestionowany lider na \u015bwiecie.<\/p>\n\t\t\t\t\t\t\t\t\t\t\n\t\t\t\t<\/div>\n\t\t\t<\/div>\n\t\t<\/div>\n\t<\/section><\/div><\/div><\/div><\/div><div id=\"pg-28713-1\"  class=\"panel-grid panel-no-style\" ><div id=\"pgc-28713-1-0\"  class=\"panel-grid-cell\" ><div id=\"panel-28713-1-0-0\" class=\"so-panel widget widget_text-widget panel-first-child\" data-index=\"1\" ><div\n\t\t\t\n\t\t\tclass=\"so-widget-text-widget so-widget-text-widget-base\"\n\t\t\t\n\t\t>\n <section class=\"text-widget\">\n\t<div class=\"container\">\n\t\t<div class=\"text\">\n\t\t\t<h2 class=\"h2\"><\/h2>\n\t\t\t<p><\/p>\n\t\t<\/div>\n\t<\/div>\n<\/section>\n<\/div><\/div><div id=\"panel-28713-1-0-1\" class=\"so-panel widget widget_text-widget panel-last-child\" data-index=\"2\" ><div\n\t\t\t\n\t\t\tclass=\"so-widget-text-widget so-widget-text-widget-base\"\n\t\t\t\n\t\t>\n <section class=\"text-widget\">\n\t<div class=\"container\">\n\t\t<div class=\"text\">\n\t\t\t<h2 class=\"h2\"><p>Z czego wykonane s\u0105 cartridge Kwadron?<\/p>\n<\/h2>\n\t\t\t<p>Wysoce zaawansowany i zautomatyzowany proces technologiczny stosowany przy produkcji cartridgy KWADRON gwarantuje, \u017ce ka\u017cdy z nich jest tak samo perfekcyjny. Nasze cartridge posiadaj\u0105 unikalny system stabilizacji igie\u0142, kt\u00f3ry zapewnia im trwa\u0142o\u015b\u0107 i optymaln\u0105 wydajno\u015b\u0107. Obudowa cartridgy zosta\u0142a wykonana z medycznego tworzywa sztucznego, co pozwoli\u0142o na zmniejszenie tarcia mi\u0119dzy ig\u0142\u0105 a obudow\u0105 do minimum, natomiast same ig\u0142y zachowa\u0142y sw\u0105 ostro\u015b\u0107. Dzi\u0119ki wszystkim tym cechom cartridge Kwadron s\u0105 ekstremalnie precyzyjne, posiadaj\u0105 sztywne i skupione ostrza. Idealne do ka\u017cdej techniki, stylu. Osi\u0105gnij wi\u0119cej z kartrid\u017cami Kwadron! <\/p>\n\t\t<\/div>\n\t<\/div>\n<\/section>\n<\/div><\/div><\/div><\/div><div id=\"pg-28713-2\"  class=\"panel-grid panel-no-style\" ><div id=\"pgc-28713-2-0\"  class=\"panel-grid-cell panel-grid-cell-empty\" ><\/div><\/div><div id=\"pg-28713-3\"  class=\"panel-grid panel-no-style\" ><div id=\"pgc-28713-3-0\"  class=\"panel-grid-cell\" ><div id=\"panel-28713-3-0-0\" class=\"so-panel widget panel-first-child panel-last-child\" data-index=\"3\" ><\/div><\/div><\/div><\/div>","protected":false},"excerpt":{"rendered":"<p>Top quality 0.35 mm (#12) FL Flat Kwadron Cartridge. Cartridges dedicated to shading and filling, ideal for large, wide surfaces, especially for geometric forms. The needles in these cartridges are arranged in a single row.<\/p>\n<p>One box contains 20 cartridges,\u00a0<strong>price on a page for a single cartridge.<\/strong><\/p>\n","protected":false},"featured_media":28715,"template":"","meta":{"_acf_changed":false},"product_brand":[],"product_cat":[49,302],"product_tag":[84],"class_list":{"0":"post-28713","1":"product","2":"type-product","3":"status-publish","4":"has-post-thumbnail","6":"product_cat-cartridges-1","7":"product_cat-kwadron-cartridges-en","8":"product_tag-fl","10":"first","11":"instock","12":"taxable","13":"shipping-taxable","14":"purchasable","15":"product-type-simple"},"acf":[],"yoast_head":"<!-- This site is optimized with the Yoast SEO Premium plugin v27.1 (Yoast SEO v27.1.1) - https:\/\/yoast.com\/product\/yoast-seo-premium-wordpress\/ -->\n<title>KWADRON Cartridge System 35\/7fllt - Round Liner - Flat - 1pc - Kwadron PMU<\/title>\n<meta name=\"robots\" content=\"index, follow, max-snippet:-1, max-image-preview:large, max-video-preview:-1\" \/>\n<link rel=\"canonical\" href=\"https:\/\/kwadronpmu.com\/en\/product\/kwadron-cartridge-system-35-5fllt-round-liner-flat-1pc-kopia\" \/>\n<meta property=\"og:locale\" content=\"en_US\" \/>\n<meta property=\"og:type\" content=\"article\" \/>\n<meta property=\"og:title\" content=\"KWADRON Cartridge System 35\/7fllt - Round Liner - Flat - 1pc\" \/>\n<meta property=\"og:description\" content=\"Top quality 0.35 mm (#12) FL Flat Kwadron Cartridge. Cartridges dedicated to shading and filling, ideal for large, wide surfaces, especially for geometric forms. The needles in these cartridges are arranged in a single row.  One box contains 20 cartridges,\u00a0price on a page for a single cartridge.\" \/>\n<meta property=\"og:url\" content=\"https:\/\/kwadronpmu.com\/en\/product\/kwadron-cartridge-system-35-5fllt-round-liner-flat-1pc-kopia\" \/>\n<meta property=\"og:site_name\" content=\"Kwadron PMU\" \/>\n<meta property=\"article:modified_time\" content=\"2026-04-03T13:47:41+00:00\" \/>\n<meta property=\"og:image\" content=\"https:\/\/kwadronpmu.com\/wp-content\/uploads\/2026\/03\/kwadron-cartridge-system-035mm-fl-flat-1szt-4.jpg\" \/>\n\t<meta property=\"og:image:width\" content=\"800\" \/>\n\t<meta property=\"og:image:height\" content=\"800\" \/>\n\t<meta property=\"og:image:type\" content=\"image\/jpeg\" \/>\n<meta name=\"twitter:card\" content=\"summary_large_image\" \/>\n<meta name=\"twitter:label1\" content=\"Est. reading time\" \/>\n\t<meta name=\"twitter:data1\" content=\"2 minutes\" \/>\n<script type=\"application\/ld+json\" class=\"yoast-schema-graph\">{\"@context\":\"https:\/\/schema.org\",\"@graph\":[{\"@type\":\"WebPage\",\"@id\":\"https:\/\/kwadronpmu.com\/en\/product\/kwadron-cartridge-system-35-5fllt-round-liner-flat-1pc-kopia\",\"url\":\"https:\/\/kwadronpmu.com\/en\/product\/kwadron-cartridge-system-35-5fllt-round-liner-flat-1pc-kopia\",\"name\":\"KWADRON Cartridge System 35\/7fllt - Round Liner - Flat - 1pc - Kwadron PMU\",\"isPartOf\":{\"@id\":\"https:\/\/kwadronpmu.com\/en\/#website\"},\"primaryImageOfPage\":{\"@id\":\"https:\/\/kwadronpmu.com\/en\/product\/kwadron-cartridge-system-35-5fllt-round-liner-flat-1pc-kopia#primaryimage\"},\"image\":{\"@id\":\"https:\/\/kwadronpmu.com\/en\/product\/kwadron-cartridge-system-35-5fllt-round-liner-flat-1pc-kopia#primaryimage\"},\"thumbnailUrl\":\"https:\/\/kwadronpmu.com\/wp-content\/uploads\/2026\/03\/kwadron-cartridge-system-035mm-fl-flat-1szt-4.jpg\",\"datePublished\":\"2026-03-30T12:26:33+00:00\",\"dateModified\":\"2026-04-03T13:47:41+00:00\",\"breadcrumb\":{\"@id\":\"https:\/\/kwadronpmu.com\/en\/product\/kwadron-cartridge-system-35-5fllt-round-liner-flat-1pc-kopia#breadcrumb\"},\"inLanguage\":\"en-US\",\"potentialAction\":[{\"@type\":\"ReadAction\",\"target\":[\"https:\/\/kwadronpmu.com\/en\/product\/kwadron-cartridge-system-35-5fllt-round-liner-flat-1pc-kopia\"]}]},{\"@type\":\"ImageObject\",\"inLanguage\":\"en-US\",\"@id\":\"https:\/\/kwadronpmu.com\/en\/product\/kwadron-cartridge-system-35-5fllt-round-liner-flat-1pc-kopia#primaryimage\",\"url\":\"https:\/\/kwadronpmu.com\/wp-content\/uploads\/2026\/03\/kwadron-cartridge-system-035mm-fl-flat-1szt-4.jpg\",\"contentUrl\":\"https:\/\/kwadronpmu.com\/wp-content\/uploads\/2026\/03\/kwadron-cartridge-system-035mm-fl-flat-1szt-4.jpg\",\"width\":800,\"height\":800},{\"@type\":\"BreadcrumbList\",\"@id\":\"https:\/\/kwadronpmu.com\/en\/product\/kwadron-cartridge-system-35-5fllt-round-liner-flat-1pc-kopia#breadcrumb\",\"itemListElement\":[{\"@type\":\"ListItem\",\"position\":1,\"name\":\"Home\",\"item\":\"https:\/\/kwadronpmu.com\/en\"},{\"@type\":\"ListItem\",\"position\":2,\"name\":\"KWADRON Cartridge System 35\/7fllt &#8211; Round Liner &#8211; Flat &#8211; 1pc\"}]},{\"@type\":\"WebSite\",\"@id\":\"https:\/\/kwadronpmu.com\/en\/#website\",\"url\":\"https:\/\/kwadronpmu.com\/en\/\",\"name\":\"Kwadron PMU\",\"description\":\"\",\"publisher\":{\"@id\":\"https:\/\/kwadronpmu.com\/en\/#organization\"},\"potentialAction\":[{\"@type\":\"SearchAction\",\"target\":{\"@type\":\"EntryPoint\",\"urlTemplate\":\"https:\/\/kwadronpmu.com\/en\/?s={search_term_string}\"},\"query-input\":{\"@type\":\"PropertyValueSpecification\",\"valueRequired\":true,\"valueName\":\"search_term_string\"}}],\"inLanguage\":\"en-US\"},{\"@type\":\"Organization\",\"@id\":\"https:\/\/kwadronpmu.com\/en\/#organization\",\"name\":\"Kwadron PMU\",\"url\":\"https:\/\/kwadronpmu.com\/en\/\",\"logo\":{\"@type\":\"ImageObject\",\"inLanguage\":\"en-US\",\"@id\":\"https:\/\/kwadronpmu.com\/en\/#\/schema\/logo\/image\/\",\"url\":\"https:\/\/kwadronpmu.com\/wp-content\/uploads\/2025\/03\/logo-2.png\",\"contentUrl\":\"https:\/\/kwadronpmu.com\/wp-content\/uploads\/2025\/03\/logo-2.png\",\"width\":150,\"height\":80,\"caption\":\"Kwadron PMU\"},\"image\":{\"@id\":\"https:\/\/kwadronpmu.com\/en\/#\/schema\/logo\/image\/\"}}]}<\/script>\n<!-- \/ Yoast SEO Premium plugin. -->","yoast_head_json":{"title":"KWADRON Cartridge System 35\/7fllt - Round Liner - Flat - 1pc - Kwadron PMU","robots":{"index":"index","follow":"follow","max-snippet":"max-snippet:-1","max-image-preview":"max-image-preview:large","max-video-preview":"max-video-preview:-1"},"canonical":"https:\/\/kwadronpmu.com\/en\/product\/kwadron-cartridge-system-35-5fllt-round-liner-flat-1pc-kopia","og_locale":"en_US","og_type":"article","og_title":"KWADRON Cartridge System 35\/7fllt - Round Liner - Flat - 1pc","og_description":"Top quality 0.35 mm (#12) FL Flat Kwadron Cartridge. Cartridges dedicated to shading and filling, ideal for large, wide surfaces, especially for geometric forms. The needles in these cartridges are arranged in a single row.  One box contains 20 cartridges,\u00a0price on a page for a single cartridge.","og_url":"https:\/\/kwadronpmu.com\/en\/product\/kwadron-cartridge-system-35-5fllt-round-liner-flat-1pc-kopia","og_site_name":"Kwadron PMU","article_modified_time":"2026-04-03T13:47:41+00:00","og_image":[{"width":800,"height":800,"url":"https:\/\/kwadronpmu.com\/wp-content\/uploads\/2026\/03\/kwadron-cartridge-system-035mm-fl-flat-1szt-4.jpg","type":"image\/jpeg"}],"twitter_card":"summary_large_image","twitter_misc":{"Est. reading time":"2 minutes"},"schema":{"@context":"https:\/\/schema.org","@graph":[{"@type":"WebPage","@id":"https:\/\/kwadronpmu.com\/en\/product\/kwadron-cartridge-system-35-5fllt-round-liner-flat-1pc-kopia","url":"https:\/\/kwadronpmu.com\/en\/product\/kwadron-cartridge-system-35-5fllt-round-liner-flat-1pc-kopia","name":"KWADRON Cartridge System 35\/7fllt - Round Liner - Flat - 1pc - Kwadron PMU","isPartOf":{"@id":"https:\/\/kwadronpmu.com\/en\/#website"},"primaryImageOfPage":{"@id":"https:\/\/kwadronpmu.com\/en\/product\/kwadron-cartridge-system-35-5fllt-round-liner-flat-1pc-kopia#primaryimage"},"image":{"@id":"https:\/\/kwadronpmu.com\/en\/product\/kwadron-cartridge-system-35-5fllt-round-liner-flat-1pc-kopia#primaryimage"},"thumbnailUrl":"https:\/\/kwadronpmu.com\/wp-content\/uploads\/2026\/03\/kwadron-cartridge-system-035mm-fl-flat-1szt-4.jpg","datePublished":"2026-03-30T12:26:33+00:00","dateModified":"2026-04-03T13:47:41+00:00","breadcrumb":{"@id":"https:\/\/kwadronpmu.com\/en\/product\/kwadron-cartridge-system-35-5fllt-round-liner-flat-1pc-kopia#breadcrumb"},"inLanguage":"en-US","potentialAction":[{"@type":"ReadAction","target":["https:\/\/kwadronpmu.com\/en\/product\/kwadron-cartridge-system-35-5fllt-round-liner-flat-1pc-kopia"]}]},{"@type":"ImageObject","inLanguage":"en-US","@id":"https:\/\/kwadronpmu.com\/en\/product\/kwadron-cartridge-system-35-5fllt-round-liner-flat-1pc-kopia#primaryimage","url":"https:\/\/kwadronpmu.com\/wp-content\/uploads\/2026\/03\/kwadron-cartridge-system-035mm-fl-flat-1szt-4.jpg","contentUrl":"https:\/\/kwadronpmu.com\/wp-content\/uploads\/2026\/03\/kwadron-cartridge-system-035mm-fl-flat-1szt-4.jpg","width":800,"height":800},{"@type":"BreadcrumbList","@id":"https:\/\/kwadronpmu.com\/en\/product\/kwadron-cartridge-system-35-5fllt-round-liner-flat-1pc-kopia#breadcrumb","itemListElement":[{"@type":"ListItem","position":1,"name":"Home","item":"https:\/\/kwadronpmu.com\/en"},{"@type":"ListItem","position":2,"name":"KWADRON Cartridge System 35\/7fllt &#8211; Round Liner &#8211; Flat &#8211; 1pc"}]},{"@type":"WebSite","@id":"https:\/\/kwadronpmu.com\/en\/#website","url":"https:\/\/kwadronpmu.com\/en\/","name":"Kwadron PMU","description":"","publisher":{"@id":"https:\/\/kwadronpmu.com\/en\/#organization"},"potentialAction":[{"@type":"SearchAction","target":{"@type":"EntryPoint","urlTemplate":"https:\/\/kwadronpmu.com\/en\/?s={search_term_string}"},"query-input":{"@type":"PropertyValueSpecification","valueRequired":true,"valueName":"search_term_string"}}],"inLanguage":"en-US"},{"@type":"Organization","@id":"https:\/\/kwadronpmu.com\/en\/#organization","name":"Kwadron PMU","url":"https:\/\/kwadronpmu.com\/en\/","logo":{"@type":"ImageObject","inLanguage":"en-US","@id":"https:\/\/kwadronpmu.com\/en\/#\/schema\/logo\/image\/","url":"https:\/\/kwadronpmu.com\/wp-content\/uploads\/2025\/03\/logo-2.png","contentUrl":"https:\/\/kwadronpmu.com\/wp-content\/uploads\/2025\/03\/logo-2.png","width":150,"height":80,"caption":"Kwadron PMU"},"image":{"@id":"https:\/\/kwadronpmu.com\/en\/#\/schema\/logo\/image\/"}}]}},"_links":{"self":[{"href":"https:\/\/kwadronpmu.com\/en\/wp-json\/wp\/v2\/product\/28713","targetHints":{"allow":["GET"]}}],"collection":[{"href":"https:\/\/kwadronpmu.com\/en\/wp-json\/wp\/v2\/product"}],"about":[{"href":"https:\/\/kwadronpmu.com\/en\/wp-json\/wp\/v2\/types\/product"}],"wp:featuredmedia":[{"embeddable":true,"href":"https:\/\/kwadronpmu.com\/en\/wp-json\/wp\/v2\/media\/28715"}],"wp:attachment":[{"href":"https:\/\/kwadronpmu.com\/en\/wp-json\/wp\/v2\/media?parent=28713"}],"wp:term":[{"taxonomy":"product_brand","embeddable":true,"href":"https:\/\/kwadronpmu.com\/en\/wp-json\/wp\/v2\/product_brand?post=28713"},{"taxonomy":"product_cat","embeddable":true,"href":"https:\/\/kwadronpmu.com\/en\/wp-json\/wp\/v2\/product_cat?post=28713"},{"taxonomy":"product_tag","embeddable":true,"href":"https:\/\/kwadronpmu.com\/en\/wp-json\/wp\/v2\/product_tag?post=28713"}],"curies":[{"name":"wp","href":"https:\/\/api.w.org\/{rel}","templated":true}]}}