{"id":28696,"date":"2026-03-30T14:14:26","date_gmt":"2026-03-30T12:14:26","guid":{"rendered":"https:\/\/kwadronpmu.com\/?post_type=product&#038;p=28696"},"modified":"2026-04-02T14:08:08","modified_gmt":"2026-04-02T12:08:08","slug":"kwadron-cartridge-system-35-3rllt-t-round-liner-textured-kopia","status":"publish","type":"product","link":"https:\/\/kwadronpmu.com\/en\/product\/kwadron-cartridge-system-35-3rllt-t-round-liner-textured-kopia","title":{"rendered":"KWADRON Cartridge System 35\/4rllt-t &#8211; Round Liner &#8211; TEXTURED"},"content":{"rendered":"<div id=\"pl-28696\"  class=\"panel-layout\" ><div id=\"pg-28696-0\"  class=\"panel-grid panel-no-style\" ><div id=\"pgc-28696-0-0\"  class=\"panel-grid-cell\" ><div id=\"panel-28696-0-0-0\" class=\"so-panel widget widget_boxes-widget panel-first-child panel-last-child\" data-index=\"0\" ><div\n\t\t\t\n\t\t\tclass=\"so-widget-boxes-widget so-widget-boxes-widget-base\"\n\t\t\t\n\t\t><section class=\"content-boxes\">\n\t\t\t<div class=\"box\">\n\t\t\t<div class=\"image\">\n\t\t\t\t<img decoding=\"async\" src=\"https:\/\/kwadronpmu.com\/wp-content\/uploads\/2025\/05\/115-scaled.jpg\" \/>\n\t\t\t<\/div>\n\t\t\t<div class=\"desc\">\n\t\t\t\t<div class=\"description\">\n\t\t\t\t\t<p><strong>Kartrid\u017ce Kwadron Round Liner Long Taper-Textured<\/strong><\/p>\n<p>Kwadron RLLT-T czyli Round Liner Long Taper - Textured - To cartridge o najwy\u017cszym dost\u0119pnym ludzko\u015bci poziomie precyzji, pozwalaj\u0105ce na tworzenia najostrzejszych kontur\u00f3w i linii. W cartridgach typu round liner ig\u0142y u\u0142o\u017cone s\u0105 na planie ko\u0142a, skupione w punkt. Dzi\u0119ki naszym cartridgom, b\u0119dzie m\u00f3g\u0142 wyko\u0144czy\u0107 sw\u00f3j tatua\u017c w najdrobniejszych detalach, dodaj\u0105c ostateczne elementy lub stworzy\u0107 idealnie ostre i cienkie linie oraz kontury w szczeg\u00f3\u0142owych pracach. RLLT-T to cartridge, w kt\u00f3rych powierzchnia ig\u0142y jest teksturowana, czyli posiada micro wg\u0142\u0119bienia, w kt\u00f3re wpada farba. Przez co przy jednorazowym wk\u0142uciu ilo\u015b\u0107 farby aplikowana pod sk\u00f3r\u0119 b\u0119dzie wi\u0119ksza. Dost\u0119pne od 1 do 18 RLLT-T.<\/p>\n\t\t\t\t\t\t\t\t\t\t\n\t\t\t\t<\/div>\n\t\t\t<\/div>\n\t\t<\/div>\n\t\t\t<div class=\"box\">\n\t\t\t<div class=\"image\">\n\t\t\t\t<img decoding=\"async\" src=\"https:\/\/kwadronpmu.com\/wp-content\/uploads\/2025\/05\/kwadron-cartridge-system-025mm-rl-round-liner-1szt.jpg\" \/>\n\t\t\t<\/div>\n\t\t\t<div class=\"desc\">\n\t\t\t\t<div class=\"description\">\n\t\t\t\t\t<p class=\"product-description__title h1\"><strong>R\u00f3\u017cnice w liczbie igie\u0142 w kartrid\u017cach Kwadron RL w rozmiarze 0,35mm (#12)<\/strong><\/p>\n<div class=\"product-description__desc\">\n<p>Liczba igie\u0142 w cartridgu ma wp\u0142yw na szeroko\u015b\u0107 i styl konturu lub linii. Im MNIEJSZA liczba igie\u0142 tym cie\u0144sza i delikatniejsza b\u0119dzie linia, z kolei wi\u0119ksze liczby igie\u0142 b\u0119d\u0105 skutkowa\u0107 grubszymi liniami lub bardzo grubymi, oldschoolowymi liniami. Ka\u017cdy cartridge od Kwadron to prawdziwy synonim precyzji, ostro\u015bci, kt\u00f3ry pozwala na tworzenie szczeg\u00f3\u0142\u00f3w i detali nieosi\u0105galnych dla innych producent\u00f3w cartridgy. Je\u015bli lubisz grube kontury, oldschoolowe prace i mocne, czarne outline to Kwadron RL w rozmiarze 0.35 (#12) to wyb\u00f3r dla Ciebie. Doskona\u0142e do liternictwa, stylu japo\u0144skiego, tradycyjnych i neo-tradycyjnych tatua\u017cy, a co wi\u0119cej \u015bwietnie sprawdz\u0105 si\u0119 w geometrycznych oraz samoa\u0144skich, plemiennych wzorach.<\/p>\n<\/div>\n\t\t\t\t\t\t\t\t\t\t\n\t\t\t\t<\/div>\n\t\t\t<\/div>\n\t\t<\/div>\n\t\t\t<div class=\"box\">\n\t\t\t<div class=\"image\">\n\t\t\t\t<img decoding=\"async\" src=\"https:\/\/kwadronpmu.com\/wp-content\/uploads\/2025\/05\/117.png\" \/>\n\t\t\t<\/div>\n\t\t\t<div class=\"desc\">\n\t\t\t\t<div class=\"description\">\n\t\t\t\t\t<p><strong>Kwadron Cartridge System<\/strong><\/p>\n<p>Jednym z zasadniczych czynnik\u00f3w, kt\u00f3re doprowadzi\u0142y do stworzenia cartridgy KWADRON, by\u0142a ch\u0119\u0107 dostarczenia produktu posiadaj\u0105cego najwy\u017csze walory u\u017cytkowe, a przede wszystkim najwy\u017cszej jako\u015bci nieosi\u0105galnej dla innych marek. Wykorzystuj\u0105c fachow\u0105 wiedz\u0119 i do\u015bwiadczenie, \u015bledz\u0105c trendy i s\u0142uchaj\u0105c tatuator\u00f3w stworzyli\u015bmy cartridge idealnie dopasowane do potrzeb naszych klient\u00f3w. Cartridge Kwadron to niekwestionowany lider na \u015bwiecie.<\/p>\n\t\t\t\t\t\t\t\t\t\t\n\t\t\t\t<\/div>\n\t\t\t<\/div>\n\t\t<\/div>\n\t<\/section><\/div><\/div><\/div><\/div><div id=\"pg-28696-1\"  class=\"panel-grid panel-no-style\" ><div id=\"pgc-28696-1-0\"  class=\"panel-grid-cell\" ><div id=\"panel-28696-1-0-0\" class=\"so-panel widget widget_text-widget panel-first-child panel-last-child\" data-index=\"1\" ><div\n\t\t\t\n\t\t\tclass=\"so-widget-text-widget so-widget-text-widget-base\"\n\t\t\t\n\t\t>\n <section class=\"text-widget\">\n\t<div class=\"container\">\n\t\t<div class=\"text\">\n\t\t\t<h2 class=\"h2\"><\/h2>\n\t\t\t<p><\/p>\n\t\t<\/div>\n\t<\/div>\n<\/section>\n<\/div><\/div><\/div><\/div><div id=\"pg-28696-2\"  class=\"panel-grid panel-no-style\" ><div id=\"pgc-28696-2-0\"  class=\"panel-grid-cell panel-grid-cell-empty\" ><\/div><\/div><div id=\"pg-28696-3\"  class=\"panel-grid panel-no-style\" ><div id=\"pgc-28696-3-0\"  class=\"panel-grid-cell\" ><div id=\"panel-28696-3-0-0\" class=\"so-panel widget panel-first-child panel-last-child\" data-index=\"2\" ><\/div><\/div><\/div><\/div>","protected":false},"excerpt":{"rendered":"<p>Cartridges in which the surface of the needle is textured, i.e. has micro indentations into which the ink falls. As a result, the amount of paint applied under the skin will be greater with a single insertion. Available from 1 to 18 RLLT-T.<\/p>\n<p>One box contains 20 cartridges, price on a page for a single cartridge.<\/p>\n","protected":false},"featured_media":28698,"template":"","meta":{"_acf_changed":false},"product_brand":[],"product_cat":[49,302],"product_tag":[79],"class_list":{"0":"post-28696","1":"product","2":"type-product","3":"status-publish","4":"has-post-thumbnail","6":"product_cat-cartridges-1","7":"product_cat-kwadron-cartridges-en","8":"product_tag-rl","10":"first","11":"instock","12":"taxable","13":"shipping-taxable","14":"purchasable","15":"product-type-simple"},"acf":[],"yoast_head":"<!-- This site is optimized with the Yoast SEO Premium plugin v27.1 (Yoast SEO v27.1.1) - https:\/\/yoast.com\/product\/yoast-seo-premium-wordpress\/ -->\n<title>KWADRON Cartridge System 35\/4rllt-t - Round Liner - TEXTURED - Kwadron PMU<\/title>\n<meta name=\"robots\" content=\"index, follow, max-snippet:-1, max-image-preview:large, max-video-preview:-1\" \/>\n<link rel=\"canonical\" href=\"https:\/\/kwadronpmu.com\/en\/product\/kwadron-cartridge-system-35-3rllt-t-round-liner-textured-kopia\" \/>\n<meta property=\"og:locale\" content=\"en_US\" \/>\n<meta property=\"og:type\" content=\"article\" \/>\n<meta property=\"og:title\" content=\"KWADRON Cartridge System 35\/4rllt-t - Round Liner - TEXTURED\" \/>\n<meta property=\"og:description\" content=\"Cartridges in which the surface of the needle is textured, i.e. has micro indentations into which the ink falls. As a result, the amount of paint applied under the skin will be greater with a single insertion. Available from 1 to 18 RLLT-T.  One box contains 20 cartridges, price on a page for a single cartridge.\" \/>\n<meta property=\"og:url\" content=\"https:\/\/kwadronpmu.com\/en\/product\/kwadron-cartridge-system-35-3rllt-t-round-liner-textured-kopia\" \/>\n<meta property=\"og:site_name\" content=\"Kwadron PMU\" \/>\n<meta property=\"article:modified_time\" content=\"2026-04-02T12:08:08+00:00\" \/>\n<meta property=\"og:image\" content=\"https:\/\/kwadronpmu.com\/wp-content\/uploads\/2026\/03\/kwadron-cartridge-system-035mm-rl-t-round-liner-textured-1szt.jpg\" \/>\n\t<meta property=\"og:image:width\" content=\"800\" \/>\n\t<meta property=\"og:image:height\" content=\"800\" \/>\n\t<meta property=\"og:image:type\" content=\"image\/jpeg\" \/>\n<meta name=\"twitter:card\" content=\"summary_large_image\" \/>\n<meta name=\"twitter:label1\" content=\"Est. reading time\" \/>\n\t<meta name=\"twitter:data1\" content=\"3 minutes\" \/>\n<script type=\"application\/ld+json\" class=\"yoast-schema-graph\">{\"@context\":\"https:\/\/schema.org\",\"@graph\":[{\"@type\":\"WebPage\",\"@id\":\"https:\/\/kwadronpmu.com\/en\/product\/kwadron-cartridge-system-35-3rllt-t-round-liner-textured-kopia\",\"url\":\"https:\/\/kwadronpmu.com\/en\/product\/kwadron-cartridge-system-35-3rllt-t-round-liner-textured-kopia\",\"name\":\"KWADRON Cartridge System 35\/4rllt-t - Round Liner - TEXTURED - Kwadron PMU\",\"isPartOf\":{\"@id\":\"https:\/\/kwadronpmu.com\/en\/#website\"},\"primaryImageOfPage\":{\"@id\":\"https:\/\/kwadronpmu.com\/en\/product\/kwadron-cartridge-system-35-3rllt-t-round-liner-textured-kopia#primaryimage\"},\"image\":{\"@id\":\"https:\/\/kwadronpmu.com\/en\/product\/kwadron-cartridge-system-35-3rllt-t-round-liner-textured-kopia#primaryimage\"},\"thumbnailUrl\":\"https:\/\/kwadronpmu.com\/wp-content\/uploads\/2026\/03\/kwadron-cartridge-system-035mm-rl-t-round-liner-textured-1szt.jpg\",\"datePublished\":\"2026-03-30T12:14:26+00:00\",\"dateModified\":\"2026-04-02T12:08:08+00:00\",\"breadcrumb\":{\"@id\":\"https:\/\/kwadronpmu.com\/en\/product\/kwadron-cartridge-system-35-3rllt-t-round-liner-textured-kopia#breadcrumb\"},\"inLanguage\":\"en-US\",\"potentialAction\":[{\"@type\":\"ReadAction\",\"target\":[\"https:\/\/kwadronpmu.com\/en\/product\/kwadron-cartridge-system-35-3rllt-t-round-liner-textured-kopia\"]}]},{\"@type\":\"ImageObject\",\"inLanguage\":\"en-US\",\"@id\":\"https:\/\/kwadronpmu.com\/en\/product\/kwadron-cartridge-system-35-3rllt-t-round-liner-textured-kopia#primaryimage\",\"url\":\"https:\/\/kwadronpmu.com\/wp-content\/uploads\/2026\/03\/kwadron-cartridge-system-035mm-rl-t-round-liner-textured-1szt.jpg\",\"contentUrl\":\"https:\/\/kwadronpmu.com\/wp-content\/uploads\/2026\/03\/kwadron-cartridge-system-035mm-rl-t-round-liner-textured-1szt.jpg\",\"width\":800,\"height\":800},{\"@type\":\"BreadcrumbList\",\"@id\":\"https:\/\/kwadronpmu.com\/en\/product\/kwadron-cartridge-system-35-3rllt-t-round-liner-textured-kopia#breadcrumb\",\"itemListElement\":[{\"@type\":\"ListItem\",\"position\":1,\"name\":\"Home\",\"item\":\"https:\/\/kwadronpmu.com\/en\"},{\"@type\":\"ListItem\",\"position\":2,\"name\":\"KWADRON Cartridge System 35\/4rllt-t &#8211; Round Liner &#8211; TEXTURED\"}]},{\"@type\":\"WebSite\",\"@id\":\"https:\/\/kwadronpmu.com\/en\/#website\",\"url\":\"https:\/\/kwadronpmu.com\/en\/\",\"name\":\"Kwadron PMU\",\"description\":\"\",\"publisher\":{\"@id\":\"https:\/\/kwadronpmu.com\/en\/#organization\"},\"potentialAction\":[{\"@type\":\"SearchAction\",\"target\":{\"@type\":\"EntryPoint\",\"urlTemplate\":\"https:\/\/kwadronpmu.com\/en\/?s={search_term_string}\"},\"query-input\":{\"@type\":\"PropertyValueSpecification\",\"valueRequired\":true,\"valueName\":\"search_term_string\"}}],\"inLanguage\":\"en-US\"},{\"@type\":\"Organization\",\"@id\":\"https:\/\/kwadronpmu.com\/en\/#organization\",\"name\":\"Kwadron PMU\",\"url\":\"https:\/\/kwadronpmu.com\/en\/\",\"logo\":{\"@type\":\"ImageObject\",\"inLanguage\":\"en-US\",\"@id\":\"https:\/\/kwadronpmu.com\/en\/#\/schema\/logo\/image\/\",\"url\":\"https:\/\/kwadronpmu.com\/wp-content\/uploads\/2025\/03\/logo-2.png\",\"contentUrl\":\"https:\/\/kwadronpmu.com\/wp-content\/uploads\/2025\/03\/logo-2.png\",\"width\":150,\"height\":80,\"caption\":\"Kwadron PMU\"},\"image\":{\"@id\":\"https:\/\/kwadronpmu.com\/en\/#\/schema\/logo\/image\/\"}}]}<\/script>\n<!-- \/ Yoast SEO Premium plugin. -->","yoast_head_json":{"title":"KWADRON Cartridge System 35\/4rllt-t - Round Liner - TEXTURED - Kwadron PMU","robots":{"index":"index","follow":"follow","max-snippet":"max-snippet:-1","max-image-preview":"max-image-preview:large","max-video-preview":"max-video-preview:-1"},"canonical":"https:\/\/kwadronpmu.com\/en\/product\/kwadron-cartridge-system-35-3rllt-t-round-liner-textured-kopia","og_locale":"en_US","og_type":"article","og_title":"KWADRON Cartridge System 35\/4rllt-t - Round Liner - TEXTURED","og_description":"Cartridges in which the surface of the needle is textured, i.e. has micro indentations into which the ink falls. As a result, the amount of paint applied under the skin will be greater with a single insertion. Available from 1 to 18 RLLT-T.  One box contains 20 cartridges, price on a page for a single cartridge.","og_url":"https:\/\/kwadronpmu.com\/en\/product\/kwadron-cartridge-system-35-3rllt-t-round-liner-textured-kopia","og_site_name":"Kwadron PMU","article_modified_time":"2026-04-02T12:08:08+00:00","og_image":[{"width":800,"height":800,"url":"https:\/\/kwadronpmu.com\/wp-content\/uploads\/2026\/03\/kwadron-cartridge-system-035mm-rl-t-round-liner-textured-1szt.jpg","type":"image\/jpeg"}],"twitter_card":"summary_large_image","twitter_misc":{"Est. reading time":"3 minutes"},"schema":{"@context":"https:\/\/schema.org","@graph":[{"@type":"WebPage","@id":"https:\/\/kwadronpmu.com\/en\/product\/kwadron-cartridge-system-35-3rllt-t-round-liner-textured-kopia","url":"https:\/\/kwadronpmu.com\/en\/product\/kwadron-cartridge-system-35-3rllt-t-round-liner-textured-kopia","name":"KWADRON Cartridge System 35\/4rllt-t - Round Liner - TEXTURED - Kwadron PMU","isPartOf":{"@id":"https:\/\/kwadronpmu.com\/en\/#website"},"primaryImageOfPage":{"@id":"https:\/\/kwadronpmu.com\/en\/product\/kwadron-cartridge-system-35-3rllt-t-round-liner-textured-kopia#primaryimage"},"image":{"@id":"https:\/\/kwadronpmu.com\/en\/product\/kwadron-cartridge-system-35-3rllt-t-round-liner-textured-kopia#primaryimage"},"thumbnailUrl":"https:\/\/kwadronpmu.com\/wp-content\/uploads\/2026\/03\/kwadron-cartridge-system-035mm-rl-t-round-liner-textured-1szt.jpg","datePublished":"2026-03-30T12:14:26+00:00","dateModified":"2026-04-02T12:08:08+00:00","breadcrumb":{"@id":"https:\/\/kwadronpmu.com\/en\/product\/kwadron-cartridge-system-35-3rllt-t-round-liner-textured-kopia#breadcrumb"},"inLanguage":"en-US","potentialAction":[{"@type":"ReadAction","target":["https:\/\/kwadronpmu.com\/en\/product\/kwadron-cartridge-system-35-3rllt-t-round-liner-textured-kopia"]}]},{"@type":"ImageObject","inLanguage":"en-US","@id":"https:\/\/kwadronpmu.com\/en\/product\/kwadron-cartridge-system-35-3rllt-t-round-liner-textured-kopia#primaryimage","url":"https:\/\/kwadronpmu.com\/wp-content\/uploads\/2026\/03\/kwadron-cartridge-system-035mm-rl-t-round-liner-textured-1szt.jpg","contentUrl":"https:\/\/kwadronpmu.com\/wp-content\/uploads\/2026\/03\/kwadron-cartridge-system-035mm-rl-t-round-liner-textured-1szt.jpg","width":800,"height":800},{"@type":"BreadcrumbList","@id":"https:\/\/kwadronpmu.com\/en\/product\/kwadron-cartridge-system-35-3rllt-t-round-liner-textured-kopia#breadcrumb","itemListElement":[{"@type":"ListItem","position":1,"name":"Home","item":"https:\/\/kwadronpmu.com\/en"},{"@type":"ListItem","position":2,"name":"KWADRON Cartridge System 35\/4rllt-t &#8211; Round Liner &#8211; TEXTURED"}]},{"@type":"WebSite","@id":"https:\/\/kwadronpmu.com\/en\/#website","url":"https:\/\/kwadronpmu.com\/en\/","name":"Kwadron PMU","description":"","publisher":{"@id":"https:\/\/kwadronpmu.com\/en\/#organization"},"potentialAction":[{"@type":"SearchAction","target":{"@type":"EntryPoint","urlTemplate":"https:\/\/kwadronpmu.com\/en\/?s={search_term_string}"},"query-input":{"@type":"PropertyValueSpecification","valueRequired":true,"valueName":"search_term_string"}}],"inLanguage":"en-US"},{"@type":"Organization","@id":"https:\/\/kwadronpmu.com\/en\/#organization","name":"Kwadron PMU","url":"https:\/\/kwadronpmu.com\/en\/","logo":{"@type":"ImageObject","inLanguage":"en-US","@id":"https:\/\/kwadronpmu.com\/en\/#\/schema\/logo\/image\/","url":"https:\/\/kwadronpmu.com\/wp-content\/uploads\/2025\/03\/logo-2.png","contentUrl":"https:\/\/kwadronpmu.com\/wp-content\/uploads\/2025\/03\/logo-2.png","width":150,"height":80,"caption":"Kwadron PMU"},"image":{"@id":"https:\/\/kwadronpmu.com\/en\/#\/schema\/logo\/image\/"}}]}},"_links":{"self":[{"href":"https:\/\/kwadronpmu.com\/en\/wp-json\/wp\/v2\/product\/28696","targetHints":{"allow":["GET"]}}],"collection":[{"href":"https:\/\/kwadronpmu.com\/en\/wp-json\/wp\/v2\/product"}],"about":[{"href":"https:\/\/kwadronpmu.com\/en\/wp-json\/wp\/v2\/types\/product"}],"wp:featuredmedia":[{"embeddable":true,"href":"https:\/\/kwadronpmu.com\/en\/wp-json\/wp\/v2\/media\/28698"}],"wp:attachment":[{"href":"https:\/\/kwadronpmu.com\/en\/wp-json\/wp\/v2\/media?parent=28696"}],"wp:term":[{"taxonomy":"product_brand","embeddable":true,"href":"https:\/\/kwadronpmu.com\/en\/wp-json\/wp\/v2\/product_brand?post=28696"},{"taxonomy":"product_cat","embeddable":true,"href":"https:\/\/kwadronpmu.com\/en\/wp-json\/wp\/v2\/product_cat?post=28696"},{"taxonomy":"product_tag","embeddable":true,"href":"https:\/\/kwadronpmu.com\/en\/wp-json\/wp\/v2\/product_tag?post=28696"}],"curies":[{"name":"wp","href":"https:\/\/api.w.org\/{rel}","templated":true}]}}