{"id":2710,"date":"2023-07-06T12:11:20","date_gmt":"2023-07-06T10:11:20","guid":{"rendered":"http:\/\/kwadronpmu.com\/?post_type=product&#038;p=2710"},"modified":"2026-04-01T13:22:00","modified_gmt":"2026-04-01T11:22:00","slug":"nuva-colors-scar-510-cool-dark","status":"publish","type":"product","link":"https:\/\/kwadronpmu.com\/en\/product\/nuva-colors-scar-510-cool-dark","title":{"rendered":"Nuva Colors SCAR &#8211; 510 Cool Dark"},"content":{"rendered":"<div id=\"pl-2710\"  class=\"panel-layout\" ><div id=\"pg-2710-0\"  class=\"panel-grid panel-no-style\" ><div id=\"pgc-2710-0-0\"  class=\"panel-grid-cell\" ><div id=\"panel-2710-0-0-0\" class=\"so-panel widget widget_producttextwidget-widget panel-first-child panel-last-child\" data-index=\"0\" ><div\n\t\t\t\n\t\t\tclass=\"so-widget-producttextwidget-widget so-widget-producttextwidget-widget-base\"\n\t\t\t\n\t\t>\n<section class=\"text-widget product-page\">\n    <div class=\"text\">\n         <h3>NUVA COLORS<\/h3>          <h4>Pi\u0119kno w ka\u017cdym odcieniu!<\/h4>         <p>Bogata gama kolorystyczna pigment\u00f3w NUVA COLORS pomo\u017ce Ci osi\u0105gn\u0105\u0107 po\u017c\u0105dane efekty. Od subtelnych naturalnych odcieni, po bardziej odwa\u017cne kolory, pigmenty NUVA COLORS oferuj\u0105 niesko\u0144czone mo\u017cliwo\u015bci tworzenia! Poczuj r\u00f3\u017cnic\u0119 z pigmentami NUVA COLORS - idealnym wyborem dla artyst\u00f3w, trener\u00f3w, ekspert\u00f3w i hurtownik\u00f3w produkt\u00f3w PMU. Zam\u00f3w ju\u017c dzi\u015b i tw\u00f3rz pi\u0119kno w ka\u017cdym odcieniu!<\/p>                    <\/div>\n<\/section>\n<\/div><\/div><\/div><\/div><div id=\"pg-2710-1\"  class=\"panel-grid panel-no-style\" ><div id=\"pgc-2710-1-0\"  class=\"panel-grid-cell\" ><div id=\"panel-2710-1-0-0\" class=\"so-panel widget widget_producttextwidget-widget panel-first-child panel-last-child\" data-index=\"1\" ><div\n\t\t\t\n\t\t\tclass=\"so-widget-producttextwidget-widget so-widget-producttextwidget-widget-base\"\n\t\t\t\n\t\t>\n<section class=\"text-widget product-page\">\n    <div class=\"text\">\n         <h3>510 Cool Dark<\/h3>          <h4>Co warto wiedzie\u0107?<\/h4>                 \n            <img decoding=\"async\" width=\"2560\" height=\"2560\" src=\"https:\/\/kwadronpmu.com\/wp-content\/uploads\/2023\/07\/510-COOL-DARK-1-1-scaled.jpg\" class=\"attachment-full size-full\" alt=\"pigment do makija\u017cu permanentnego 510 COOL DARK (1) NUVA\" srcset=\"https:\/\/kwadronpmu.com\/wp-content\/uploads\/2023\/07\/510-COOL-DARK-1-1-scaled.jpg 2560w, https:\/\/kwadronpmu.com\/wp-content\/uploads\/2023\/07\/510-COOL-DARK-1-1-scaled-420x420.jpg 420w, https:\/\/kwadronpmu.com\/wp-content\/uploads\/2023\/07\/510-COOL-DARK-1-1-300x300.jpg 300w, https:\/\/kwadronpmu.com\/wp-content\/uploads\/2023\/07\/510-COOL-DARK-1-1-scaled-100x100.jpg 100w, https:\/\/kwadronpmu.com\/wp-content\/uploads\/2023\/07\/510-COOL-DARK-1-1-scaled-600x600.jpg 600w, https:\/\/kwadronpmu.com\/wp-content\/uploads\/2023\/07\/510-COOL-DARK-1-1-1024x1024.jpg 1024w, https:\/\/kwadronpmu.com\/wp-content\/uploads\/2023\/07\/510-COOL-DARK-1-1-150x150.jpg 150w, https:\/\/kwadronpmu.com\/wp-content\/uploads\/2023\/07\/510-COOL-DARK-1-1-768x768.jpg 768w, https:\/\/kwadronpmu.com\/wp-content\/uploads\/2023\/07\/510-COOL-DARK-1-1-1536x1536.jpg 1536w, https:\/\/kwadronpmu.com\/wp-content\/uploads\/2023\/07\/510-COOL-DARK-1-1-2048x2048.jpg 2048w, https:\/\/kwadronpmu.com\/wp-content\/uploads\/2023\/07\/510-COOL-DARK-1-1-400x400.jpg 400w, https:\/\/kwadronpmu.com\/wp-content\/uploads\/2023\/07\/510-COOL-DARK-1-1-200x200.jpg 200w\" sizes=\"(max-width: 2560px) 100vw, 2560px\" \/>    \n                    <\/div>\n<\/section>\n<\/div><\/div><\/div><\/div><div id=\"pg-2710-2\"  class=\"panel-grid panel-no-style\" ><div id=\"pgc-2710-2-0\"  class=\"panel-grid-cell\" ><div id=\"panel-2710-2-0-0\" class=\"so-panel widget panel-first-child panel-last-child\" data-index=\"2\" ><\/div><\/div><\/div><\/div>","protected":false},"excerpt":{"rendered":"<ul>\n<li>Application: scars<\/li>\n<li>Temperature: cool<\/li>\n<li>Properties: blend<\/li>\n<li>REACH-compliant<\/li>\n<\/ul>\n","protected":false},"featured_media":3624,"template":"","meta":{"_acf_changed":false},"product_brand":[],"product_cat":[220,54,226],"product_tag":[],"class_list":{"0":"post-2710","1":"product","2":"type-product","3":"status-publish","4":"has-post-thumbnail","6":"product_cat-nuva-colors-en","7":"product_cat-pigments","8":"product_cat-pigmenty-do-kamuflazu-blizn-scar-en","10":"first","11":"instock","12":"taxable","13":"shipping-taxable","14":"purchasable","15":"product-type-simple"},"acf":[],"yoast_head":"<!-- This site is optimized with the Yoast SEO Premium plugin v27.1 (Yoast SEO v27.1.1) - https:\/\/yoast.com\/product\/yoast-seo-premium-wordpress\/ -->\n<title>Nuva Colors SCAR - 510 Cool Dark - Kwadron PMU<\/title>\n<meta name=\"robots\" content=\"index, follow, max-snippet:-1, max-image-preview:large, max-video-preview:-1\" \/>\n<link rel=\"canonical\" href=\"https:\/\/kwadronpmu.com\/en\/product\/nuva-colors-scar-510-cool-dark\" \/>\n<meta property=\"og:locale\" content=\"en_US\" \/>\n<meta property=\"og:type\" content=\"article\" \/>\n<meta property=\"og:title\" content=\"Nuva Colors SCAR - 510 Cool Dark\" \/>\n<meta property=\"og:description\" content=\"Application: scars  Temperature: cool  Properties: blend  REACH-compliant\" \/>\n<meta property=\"og:url\" content=\"https:\/\/kwadronpmu.com\/en\/product\/nuva-colors-scar-510-cool-dark\" \/>\n<meta property=\"og:site_name\" content=\"Kwadron PMU\" \/>\n<meta property=\"article:modified_time\" content=\"2026-04-01T11:22:00+00:00\" \/>\n<meta property=\"og:image\" content=\"https:\/\/kwadronpmu.com\/wp-content\/uploads\/2023\/07\/510-COOL-DARK.jpg\" \/>\n\t<meta property=\"og:image:width\" content=\"1080\" \/>\n\t<meta property=\"og:image:height\" content=\"1080\" \/>\n\t<meta property=\"og:image:type\" content=\"image\/jpeg\" \/>\n<meta name=\"twitter:card\" content=\"summary_large_image\" \/>\n<meta name=\"twitter:label1\" content=\"Est. reading time\" \/>\n\t<meta name=\"twitter:data1\" content=\"1 minute\" \/>\n<script type=\"application\/ld+json\" class=\"yoast-schema-graph\">{\"@context\":\"https:\/\/schema.org\",\"@graph\":[{\"@type\":\"WebPage\",\"@id\":\"https:\/\/kwadronpmu.com\/en\/product\/nuva-colors-scar-510-cool-dark\",\"url\":\"https:\/\/kwadronpmu.com\/en\/product\/nuva-colors-scar-510-cool-dark\",\"name\":\"Nuva Colors SCAR - 510 Cool Dark - Kwadron PMU\",\"isPartOf\":{\"@id\":\"https:\/\/kwadronpmu.com\/en\/#website\"},\"primaryImageOfPage\":{\"@id\":\"https:\/\/kwadronpmu.com\/en\/product\/nuva-colors-scar-510-cool-dark#primaryimage\"},\"image\":{\"@id\":\"https:\/\/kwadronpmu.com\/en\/product\/nuva-colors-scar-510-cool-dark#primaryimage\"},\"thumbnailUrl\":\"https:\/\/kwadronpmu.com\/wp-content\/uploads\/2023\/07\/510-COOL-DARK.jpg\",\"datePublished\":\"2023-07-06T10:11:20+00:00\",\"dateModified\":\"2026-04-01T11:22:00+00:00\",\"breadcrumb\":{\"@id\":\"https:\/\/kwadronpmu.com\/en\/product\/nuva-colors-scar-510-cool-dark#breadcrumb\"},\"inLanguage\":\"en-US\",\"potentialAction\":[{\"@type\":\"ReadAction\",\"target\":[\"https:\/\/kwadronpmu.com\/en\/product\/nuva-colors-scar-510-cool-dark\"]}]},{\"@type\":\"ImageObject\",\"inLanguage\":\"en-US\",\"@id\":\"https:\/\/kwadronpmu.com\/en\/product\/nuva-colors-scar-510-cool-dark#primaryimage\",\"url\":\"https:\/\/kwadronpmu.com\/wp-content\/uploads\/2023\/07\/510-COOL-DARK.jpg\",\"contentUrl\":\"https:\/\/kwadronpmu.com\/wp-content\/uploads\/2023\/07\/510-COOL-DARK.jpg\",\"width\":1080,\"height\":1080,\"caption\":\"pigment do makija\u017cu permanentnego 510 COOL DARK (1)\"},{\"@type\":\"BreadcrumbList\",\"@id\":\"https:\/\/kwadronpmu.com\/en\/product\/nuva-colors-scar-510-cool-dark#breadcrumb\",\"itemListElement\":[{\"@type\":\"ListItem\",\"position\":1,\"name\":\"Home\",\"item\":\"https:\/\/kwadronpmu.com\/en\"},{\"@type\":\"ListItem\",\"position\":2,\"name\":\"Nuva Colors SCAR &#8211; 510 Cool Dark\"}]},{\"@type\":\"WebSite\",\"@id\":\"https:\/\/kwadronpmu.com\/en\/#website\",\"url\":\"https:\/\/kwadronpmu.com\/en\/\",\"name\":\"Kwadron PMU\",\"description\":\"\",\"publisher\":{\"@id\":\"https:\/\/kwadronpmu.com\/en\/#organization\"},\"potentialAction\":[{\"@type\":\"SearchAction\",\"target\":{\"@type\":\"EntryPoint\",\"urlTemplate\":\"https:\/\/kwadronpmu.com\/en\/?s={search_term_string}\"},\"query-input\":{\"@type\":\"PropertyValueSpecification\",\"valueRequired\":true,\"valueName\":\"search_term_string\"}}],\"inLanguage\":\"en-US\"},{\"@type\":\"Organization\",\"@id\":\"https:\/\/kwadronpmu.com\/en\/#organization\",\"name\":\"Kwadron PMU\",\"url\":\"https:\/\/kwadronpmu.com\/en\/\",\"logo\":{\"@type\":\"ImageObject\",\"inLanguage\":\"en-US\",\"@id\":\"https:\/\/kwadronpmu.com\/en\/#\/schema\/logo\/image\/\",\"url\":\"https:\/\/kwadronpmu.com\/wp-content\/uploads\/2025\/03\/logo-2.png\",\"contentUrl\":\"https:\/\/kwadronpmu.com\/wp-content\/uploads\/2025\/03\/logo-2.png\",\"width\":150,\"height\":80,\"caption\":\"Kwadron PMU\"},\"image\":{\"@id\":\"https:\/\/kwadronpmu.com\/en\/#\/schema\/logo\/image\/\"}}]}<\/script>\n<!-- \/ Yoast SEO Premium plugin. -->","yoast_head_json":{"title":"Nuva Colors SCAR - 510 Cool Dark - Kwadron PMU","robots":{"index":"index","follow":"follow","max-snippet":"max-snippet:-1","max-image-preview":"max-image-preview:large","max-video-preview":"max-video-preview:-1"},"canonical":"https:\/\/kwadronpmu.com\/en\/product\/nuva-colors-scar-510-cool-dark","og_locale":"en_US","og_type":"article","og_title":"Nuva Colors SCAR - 510 Cool Dark","og_description":"Application: scars  Temperature: cool  Properties: blend  REACH-compliant","og_url":"https:\/\/kwadronpmu.com\/en\/product\/nuva-colors-scar-510-cool-dark","og_site_name":"Kwadron PMU","article_modified_time":"2026-04-01T11:22:00+00:00","og_image":[{"width":1080,"height":1080,"url":"https:\/\/kwadronpmu.com\/wp-content\/uploads\/2023\/07\/510-COOL-DARK.jpg","type":"image\/jpeg"}],"twitter_card":"summary_large_image","twitter_misc":{"Est. reading time":"1 minute"},"schema":{"@context":"https:\/\/schema.org","@graph":[{"@type":"WebPage","@id":"https:\/\/kwadronpmu.com\/en\/product\/nuva-colors-scar-510-cool-dark","url":"https:\/\/kwadronpmu.com\/en\/product\/nuva-colors-scar-510-cool-dark","name":"Nuva Colors SCAR - 510 Cool Dark - Kwadron PMU","isPartOf":{"@id":"https:\/\/kwadronpmu.com\/en\/#website"},"primaryImageOfPage":{"@id":"https:\/\/kwadronpmu.com\/en\/product\/nuva-colors-scar-510-cool-dark#primaryimage"},"image":{"@id":"https:\/\/kwadronpmu.com\/en\/product\/nuva-colors-scar-510-cool-dark#primaryimage"},"thumbnailUrl":"https:\/\/kwadronpmu.com\/wp-content\/uploads\/2023\/07\/510-COOL-DARK.jpg","datePublished":"2023-07-06T10:11:20+00:00","dateModified":"2026-04-01T11:22:00+00:00","breadcrumb":{"@id":"https:\/\/kwadronpmu.com\/en\/product\/nuva-colors-scar-510-cool-dark#breadcrumb"},"inLanguage":"en-US","potentialAction":[{"@type":"ReadAction","target":["https:\/\/kwadronpmu.com\/en\/product\/nuva-colors-scar-510-cool-dark"]}]},{"@type":"ImageObject","inLanguage":"en-US","@id":"https:\/\/kwadronpmu.com\/en\/product\/nuva-colors-scar-510-cool-dark#primaryimage","url":"https:\/\/kwadronpmu.com\/wp-content\/uploads\/2023\/07\/510-COOL-DARK.jpg","contentUrl":"https:\/\/kwadronpmu.com\/wp-content\/uploads\/2023\/07\/510-COOL-DARK.jpg","width":1080,"height":1080,"caption":"pigment do makija\u017cu permanentnego 510 COOL DARK (1)"},{"@type":"BreadcrumbList","@id":"https:\/\/kwadronpmu.com\/en\/product\/nuva-colors-scar-510-cool-dark#breadcrumb","itemListElement":[{"@type":"ListItem","position":1,"name":"Home","item":"https:\/\/kwadronpmu.com\/en"},{"@type":"ListItem","position":2,"name":"Nuva Colors SCAR &#8211; 510 Cool Dark"}]},{"@type":"WebSite","@id":"https:\/\/kwadronpmu.com\/en\/#website","url":"https:\/\/kwadronpmu.com\/en\/","name":"Kwadron PMU","description":"","publisher":{"@id":"https:\/\/kwadronpmu.com\/en\/#organization"},"potentialAction":[{"@type":"SearchAction","target":{"@type":"EntryPoint","urlTemplate":"https:\/\/kwadronpmu.com\/en\/?s={search_term_string}"},"query-input":{"@type":"PropertyValueSpecification","valueRequired":true,"valueName":"search_term_string"}}],"inLanguage":"en-US"},{"@type":"Organization","@id":"https:\/\/kwadronpmu.com\/en\/#organization","name":"Kwadron PMU","url":"https:\/\/kwadronpmu.com\/en\/","logo":{"@type":"ImageObject","inLanguage":"en-US","@id":"https:\/\/kwadronpmu.com\/en\/#\/schema\/logo\/image\/","url":"https:\/\/kwadronpmu.com\/wp-content\/uploads\/2025\/03\/logo-2.png","contentUrl":"https:\/\/kwadronpmu.com\/wp-content\/uploads\/2025\/03\/logo-2.png","width":150,"height":80,"caption":"Kwadron PMU"},"image":{"@id":"https:\/\/kwadronpmu.com\/en\/#\/schema\/logo\/image\/"}}]}},"_links":{"self":[{"href":"https:\/\/kwadronpmu.com\/en\/wp-json\/wp\/v2\/product\/2710","targetHints":{"allow":["GET"]}}],"collection":[{"href":"https:\/\/kwadronpmu.com\/en\/wp-json\/wp\/v2\/product"}],"about":[{"href":"https:\/\/kwadronpmu.com\/en\/wp-json\/wp\/v2\/types\/product"}],"wp:featuredmedia":[{"embeddable":true,"href":"https:\/\/kwadronpmu.com\/en\/wp-json\/wp\/v2\/media\/3624"}],"wp:attachment":[{"href":"https:\/\/kwadronpmu.com\/en\/wp-json\/wp\/v2\/media?parent=2710"}],"wp:term":[{"taxonomy":"product_brand","embeddable":true,"href":"https:\/\/kwadronpmu.com\/en\/wp-json\/wp\/v2\/product_brand?post=2710"},{"taxonomy":"product_cat","embeddable":true,"href":"https:\/\/kwadronpmu.com\/en\/wp-json\/wp\/v2\/product_cat?post=2710"},{"taxonomy":"product_tag","embeddable":true,"href":"https:\/\/kwadronpmu.com\/en\/wp-json\/wp\/v2\/product_tag?post=2710"}],"curies":[{"name":"wp","href":"https:\/\/api.w.org\/{rel}","templated":true}]}}