{"id":24669,"date":"2025-11-19T17:10:48","date_gmt":"2025-11-19T15:10:48","guid":{"rendered":"https:\/\/kwadronpmu.com\/?post_type=product&#038;p=24669"},"modified":"2026-04-08T10:15:33","modified_gmt":"2026-04-08T08:15:33","slug":"the-pigment-05-dark-brown-15ml","status":"publish","type":"product","link":"https:\/\/kwadronpmu.com\/en\/product\/the-pigment-05-dark-brown-15ml","title":{"rendered":"The Pigment &#8211; 05 Dark Brown \u2013 15ml"},"content":{"rendered":"<div id=\"pl-24669\"  class=\"panel-layout\" ><div id=\"pg-24669-0\"  class=\"panel-grid panel-no-style\" ><div id=\"pgc-24669-0-0\"  class=\"panel-grid-cell\" ><div id=\"panel-24669-0-0-0\" class=\"so-panel widget widget_producttextwidget-widget panel-first-child\" data-index=\"0\" ><div\n\t\t\t\n\t\t\tclass=\"so-widget-producttextwidget-widget so-widget-producttextwidget-widget-base\"\n\t\t\t\n\t\t>\n<section class=\"text-widget product-page\">\n    <div class=\"text\">\n                         <p><p class=\"\" data-start=\"1203\" data-end=\"1458\"><b>05 Dark Brown<\/b>\u00a0<em>is a slightly cool brown shade, specifically designed for Fitzpatrick types 4, 5, and 6. The cool component provides subtle yet precise definition, giving the brows an elegant, modern touch \u2013 ideal for achieving a soft yet striking look without resorting to intense black.<\/em><\/p>\n<p class=\"\" data-start=\"1335\" data-end=\"1586\"><em>This eyebrow pigment is suitable for all permanent makeup (PMU) techniques \u2013 including powder brows, shading, hairstrokes, and combination brows. Its high-quality formulation ensures long-lasting color stability and flawless results for every professional brow treatment.<\/em><\/p>\n<p class=\"\" data-start=\"1203\" data-end=\"1458\"><b>Type:<\/b>\u00a0Hybrid Pigment<br \/>\n<b>Content:<\/b>\u00a015 ml<br \/>\n<b>Application Area:<\/b>\u00a0Brows\/Eyeliner<\/p>\n<\/p>                    <\/div>\n<\/section>\n<\/div><\/div><div id=\"panel-24669-0-0-1\" class=\"so-panel widget widget_producttextwidget-widget panel-last-child\" data-index=\"1\" ><div\n\t\t\t\n\t\t\tclass=\"so-widget-producttextwidget-widget so-widget-producttextwidget-widget-base\"\n\t\t\t\n\t\t>\n<section class=\"text-widget product-page\">\n    <div class=\"text\">\n         <h3>THE PIGMENT<\/h3>          <h4>Mastery of Color. Professionalism That Visibly Shows.<\/h4>         <p><p>THE PIGMENT is a line of pigments created for PMU artists who expect the highest precision, stability, and lasting results. It's more than color\u2014it's experience, safety, and quality that build trust with your clients.<\/p>\n<p><strong>Why choose THE PIGMENT?<\/strong><\/p>\n<p>Maximum control during the treatment<\/p>\n<p>Shades designed for a variety of skin types<\/p>\n<p>Global safety standards<\/p>\n<p><strong>THE PIGMENT \u2013 Where beauty begins<\/strong><\/p>\n<\/p>                    <\/div>\n<\/section>\n<\/div><\/div><\/div><\/div><div id=\"pg-24669-1\"  class=\"panel-grid panel-no-style\" ><div id=\"pgc-24669-1-0\"  class=\"panel-grid-cell\" ><div id=\"panel-24669-1-0-0\" class=\"so-panel widget widget_producttextwidget-widget panel-first-child panel-last-child\" data-index=\"2\" ><div\n\t\t\t\n\t\t\tclass=\"so-widget-producttextwidget-widget so-widget-producttextwidget-widget-base\"\n\t\t\t\n\t\t>\n<section class=\"text-widget product-page\">\n    <div class=\"text\">\n                 <h4>What's worth knowing?\n<\/h4>                 \n            <img decoding=\"async\" width=\"713\" height=\"713\" src=\"https:\/\/kwadronpmu.com\/wp-content\/uploads\/2025\/11\/TPi_PMU_Brows_B_05_Dark_Brown.webp\" class=\"attachment-full size-full\" alt=\"\" srcset=\"https:\/\/kwadronpmu.com\/wp-content\/uploads\/2025\/11\/TPi_PMU_Brows_B_05_Dark_Brown.webp 713w, https:\/\/kwadronpmu.com\/wp-content\/uploads\/2025\/11\/TPi_PMU_Brows_B_05_Dark_Brown-300x300.webp 300w, https:\/\/kwadronpmu.com\/wp-content\/uploads\/2025\/11\/TPi_PMU_Brows_B_05_Dark_Brown-150x150.webp 150w, https:\/\/kwadronpmu.com\/wp-content\/uploads\/2025\/11\/TPi_PMU_Brows_B_05_Dark_Brown-400x400.webp 400w, https:\/\/kwadronpmu.com\/wp-content\/uploads\/2025\/11\/TPi_PMU_Brows_B_05_Dark_Brown-420x420.webp 420w, https:\/\/kwadronpmu.com\/wp-content\/uploads\/2025\/11\/TPi_PMU_Brows_B_05_Dark_Brown-200x200.webp 200w, https:\/\/kwadronpmu.com\/wp-content\/uploads\/2025\/11\/TPi_PMU_Brows_B_05_Dark_Brown-600x600.webp 600w, https:\/\/kwadronpmu.com\/wp-content\/uploads\/2025\/11\/TPi_PMU_Brows_B_05_Dark_Brown-100x100.webp 100w, https:\/\/kwadronpmu.com\/wp-content\/uploads\/2025\/11\/TPi_PMU_Brows_B_05_Dark_Brown-50x50.webp 50w, https:\/\/kwadronpmu.com\/wp-content\/uploads\/2025\/11\/TPi_PMU_Brows_B_05_Dark_Brown-64x64.webp 64w\" sizes=\"(max-width: 713px) 100vw, 713px\" \/>    \n                    <\/div>\n<\/section>\n<\/div><\/div><\/div><\/div><div id=\"pg-24669-2\"  class=\"panel-grid panel-no-style\" ><div id=\"pgc-24669-2-0\"  class=\"panel-grid-cell\" ><div id=\"panel-24669-2-0-0\" class=\"so-panel widget panel-first-child panel-last-child\" data-index=\"3\" ><\/div><\/div><\/div><\/div>","protected":false},"excerpt":{"rendered":"<ul>\n<li><span data-contrast=\"auto\">Zastosowanie: brwi \/ eyeliner<\/span><span data-ccp-props=\"{}\">\u00a0<\/span><\/li>\n<li><span data-contrast=\"auto\">\u00a0Skala Fitzpatricka: 4\u20136<\/span><span data-ccp-props=\"{}\">\u00a0<\/span><\/li>\n<li><span data-contrast=\"auto\">\u00a0Temperatura: ch\u0142odna<\/span><span data-ccp-props=\"{}\">\u00a0<\/span><\/li>\n<li><span data-contrast=\"auto\">\u00a0W\u0142a\u015bciwo\u015bci: pigment hybrydowy<\/span><span data-ccp-props=\"{}\">\u00a0<\/span><\/li>\n<li><span data-contrast=\"auto\">\u00a0Charakterystyka: ch\u0142odny, g\u0142\u0119boki br\u0105z daj\u0105cy wyra\u017an\u0105, eleganck\u0105 definicj\u0119 bez efektu czerni<\/span><span data-ccp-props=\"{}\">\u00a0<\/span><\/li>\n<li><span data-contrast=\"auto\">\u00a0Zgodny z REACH<\/span><span data-ccp-props=\"{}\">\u00a0<\/span><\/li>\n<\/ul>\n","protected":false},"featured_media":24687,"template":"","meta":{"_acf_changed":false},"product_brand":[],"product_cat":[54,338,343,342],"product_tag":[],"class_list":{"0":"post-24669","1":"product","2":"type-product","3":"status-publish","4":"has-post-thumbnail","6":"product_cat-pigments","7":"product_cat-the-pigment","8":"product_cat-pigments-for-permanent-eyebrow-makeup","9":"product_cat-pigments-for-permanent-eyelid-makeup-en-2","11":"first","12":"instock","13":"taxable","14":"shipping-taxable","15":"purchasable","16":"product-type-simple"},"acf":[],"yoast_head":"<!-- This site is optimized with the Yoast SEO Premium plugin v27.1 (Yoast SEO v27.1.1) - https:\/\/yoast.com\/product\/yoast-seo-premium-wordpress\/ -->\n<title>The Pigment - 05 Dark Brown \u2013 15ml - Kwadron PMU<\/title>\n<meta name=\"robots\" content=\"index, follow, max-snippet:-1, max-image-preview:large, max-video-preview:-1\" \/>\n<link rel=\"canonical\" href=\"https:\/\/kwadronpmu.com\/en\/product\/the-pigment-05-dark-brown-15ml\" \/>\n<meta property=\"og:locale\" content=\"en_US\" \/>\n<meta property=\"og:type\" content=\"article\" \/>\n<meta property=\"og:title\" content=\"The Pigment - 05 Dark Brown \u2013 15ml\" \/>\n<meta property=\"og:description\" content=\"Zastosowanie: brwi \/ eyeliner\u00a0  \u00a0Skala Fitzpatricka: 4\u20136\u00a0  \u00a0Temperatura: ch\u0142odna\u00a0  \u00a0W\u0142a\u015bciwo\u015bci: pigment hybrydowy\u00a0  \u00a0Charakterystyka: ch\u0142odny, g\u0142\u0119boki br\u0105z daj\u0105cy wyra\u017an\u0105, eleganck\u0105 definicj\u0119 bez efektu czerni\u00a0  \u00a0Zgodny z REACH\u00a0\" \/>\n<meta property=\"og:url\" content=\"https:\/\/kwadronpmu.com\/en\/product\/the-pigment-05-dark-brown-15ml\" \/>\n<meta property=\"og:site_name\" content=\"Kwadron PMU\" \/>\n<meta property=\"article:modified_time\" content=\"2026-04-08T08:15:33+00:00\" \/>\n<meta property=\"og:image\" content=\"https:\/\/kwadronpmu.com\/wp-content\/uploads\/2025\/11\/TPi_PMU_Brows_A_5.webp\" \/>\n\t<meta property=\"og:image:width\" content=\"713\" \/>\n\t<meta property=\"og:image:height\" content=\"713\" \/>\n\t<meta property=\"og:image:type\" content=\"image\/webp\" \/>\n<meta name=\"twitter:card\" content=\"summary_large_image\" \/>\n<meta name=\"twitter:label1\" content=\"Est. reading time\" \/>\n\t<meta name=\"twitter:data1\" content=\"2 minutes\" \/>\n<script type=\"application\/ld+json\" class=\"yoast-schema-graph\">{\"@context\":\"https:\/\/schema.org\",\"@graph\":[{\"@type\":\"WebPage\",\"@id\":\"https:\/\/kwadronpmu.com\/en\/product\/the-pigment-05-dark-brown-15ml\",\"url\":\"https:\/\/kwadronpmu.com\/en\/product\/the-pigment-05-dark-brown-15ml\",\"name\":\"The Pigment - 05 Dark Brown \u2013 15ml - Kwadron PMU\",\"isPartOf\":{\"@id\":\"https:\/\/kwadronpmu.com\/en\/#website\"},\"primaryImageOfPage\":{\"@id\":\"https:\/\/kwadronpmu.com\/en\/product\/the-pigment-05-dark-brown-15ml#primaryimage\"},\"image\":{\"@id\":\"https:\/\/kwadronpmu.com\/en\/product\/the-pigment-05-dark-brown-15ml#primaryimage\"},\"thumbnailUrl\":\"https:\/\/kwadronpmu.com\/wp-content\/uploads\/2025\/11\/TPi_PMU_Brows_A_5.webp\",\"datePublished\":\"2025-11-19T15:10:48+00:00\",\"dateModified\":\"2026-04-08T08:15:33+00:00\",\"breadcrumb\":{\"@id\":\"https:\/\/kwadronpmu.com\/en\/product\/the-pigment-05-dark-brown-15ml#breadcrumb\"},\"inLanguage\":\"en-US\",\"potentialAction\":[{\"@type\":\"ReadAction\",\"target\":[\"https:\/\/kwadronpmu.com\/en\/product\/the-pigment-05-dark-brown-15ml\"]}]},{\"@type\":\"ImageObject\",\"inLanguage\":\"en-US\",\"@id\":\"https:\/\/kwadronpmu.com\/en\/product\/the-pigment-05-dark-brown-15ml#primaryimage\",\"url\":\"https:\/\/kwadronpmu.com\/wp-content\/uploads\/2025\/11\/TPi_PMU_Brows_A_5.webp\",\"contentUrl\":\"https:\/\/kwadronpmu.com\/wp-content\/uploads\/2025\/11\/TPi_PMU_Brows_A_5.webp\",\"width\":713,\"height\":713},{\"@type\":\"BreadcrumbList\",\"@id\":\"https:\/\/kwadronpmu.com\/en\/product\/the-pigment-05-dark-brown-15ml#breadcrumb\",\"itemListElement\":[{\"@type\":\"ListItem\",\"position\":1,\"name\":\"Home\",\"item\":\"https:\/\/kwadronpmu.com\/en\"},{\"@type\":\"ListItem\",\"position\":2,\"name\":\"The Pigment &#8211; 05 Dark Brown \u2013 15ml\"}]},{\"@type\":\"WebSite\",\"@id\":\"https:\/\/kwadronpmu.com\/en\/#website\",\"url\":\"https:\/\/kwadronpmu.com\/en\/\",\"name\":\"Kwadron PMU\",\"description\":\"\",\"publisher\":{\"@id\":\"https:\/\/kwadronpmu.com\/en\/#organization\"},\"potentialAction\":[{\"@type\":\"SearchAction\",\"target\":{\"@type\":\"EntryPoint\",\"urlTemplate\":\"https:\/\/kwadronpmu.com\/en\/?s={search_term_string}\"},\"query-input\":{\"@type\":\"PropertyValueSpecification\",\"valueRequired\":true,\"valueName\":\"search_term_string\"}}],\"inLanguage\":\"en-US\"},{\"@type\":\"Organization\",\"@id\":\"https:\/\/kwadronpmu.com\/en\/#organization\",\"name\":\"Kwadron PMU\",\"url\":\"https:\/\/kwadronpmu.com\/en\/\",\"logo\":{\"@type\":\"ImageObject\",\"inLanguage\":\"en-US\",\"@id\":\"https:\/\/kwadronpmu.com\/en\/#\/schema\/logo\/image\/\",\"url\":\"https:\/\/kwadronpmu.com\/wp-content\/uploads\/2025\/03\/logo-2.png\",\"contentUrl\":\"https:\/\/kwadronpmu.com\/wp-content\/uploads\/2025\/03\/logo-2.png\",\"width\":150,\"height\":80,\"caption\":\"Kwadron PMU\"},\"image\":{\"@id\":\"https:\/\/kwadronpmu.com\/en\/#\/schema\/logo\/image\/\"}}]}<\/script>\n<!-- \/ Yoast SEO Premium plugin. -->","yoast_head_json":{"title":"The Pigment - 05 Dark Brown \u2013 15ml - Kwadron PMU","robots":{"index":"index","follow":"follow","max-snippet":"max-snippet:-1","max-image-preview":"max-image-preview:large","max-video-preview":"max-video-preview:-1"},"canonical":"https:\/\/kwadronpmu.com\/en\/product\/the-pigment-05-dark-brown-15ml","og_locale":"en_US","og_type":"article","og_title":"The Pigment - 05 Dark Brown \u2013 15ml","og_description":"Zastosowanie: brwi \/ eyeliner\u00a0  \u00a0Skala Fitzpatricka: 4\u20136\u00a0  \u00a0Temperatura: ch\u0142odna\u00a0  \u00a0W\u0142a\u015bciwo\u015bci: pigment hybrydowy\u00a0  \u00a0Charakterystyka: ch\u0142odny, g\u0142\u0119boki br\u0105z daj\u0105cy wyra\u017an\u0105, eleganck\u0105 definicj\u0119 bez efektu czerni\u00a0  \u00a0Zgodny z REACH\u00a0","og_url":"https:\/\/kwadronpmu.com\/en\/product\/the-pigment-05-dark-brown-15ml","og_site_name":"Kwadron PMU","article_modified_time":"2026-04-08T08:15:33+00:00","og_image":[{"width":713,"height":713,"url":"https:\/\/kwadronpmu.com\/wp-content\/uploads\/2025\/11\/TPi_PMU_Brows_A_5.webp","type":"image\/webp"}],"twitter_card":"summary_large_image","twitter_misc":{"Est. reading time":"2 minutes"},"schema":{"@context":"https:\/\/schema.org","@graph":[{"@type":"WebPage","@id":"https:\/\/kwadronpmu.com\/en\/product\/the-pigment-05-dark-brown-15ml","url":"https:\/\/kwadronpmu.com\/en\/product\/the-pigment-05-dark-brown-15ml","name":"The Pigment - 05 Dark Brown \u2013 15ml - Kwadron PMU","isPartOf":{"@id":"https:\/\/kwadronpmu.com\/en\/#website"},"primaryImageOfPage":{"@id":"https:\/\/kwadronpmu.com\/en\/product\/the-pigment-05-dark-brown-15ml#primaryimage"},"image":{"@id":"https:\/\/kwadronpmu.com\/en\/product\/the-pigment-05-dark-brown-15ml#primaryimage"},"thumbnailUrl":"https:\/\/kwadronpmu.com\/wp-content\/uploads\/2025\/11\/TPi_PMU_Brows_A_5.webp","datePublished":"2025-11-19T15:10:48+00:00","dateModified":"2026-04-08T08:15:33+00:00","breadcrumb":{"@id":"https:\/\/kwadronpmu.com\/en\/product\/the-pigment-05-dark-brown-15ml#breadcrumb"},"inLanguage":"en-US","potentialAction":[{"@type":"ReadAction","target":["https:\/\/kwadronpmu.com\/en\/product\/the-pigment-05-dark-brown-15ml"]}]},{"@type":"ImageObject","inLanguage":"en-US","@id":"https:\/\/kwadronpmu.com\/en\/product\/the-pigment-05-dark-brown-15ml#primaryimage","url":"https:\/\/kwadronpmu.com\/wp-content\/uploads\/2025\/11\/TPi_PMU_Brows_A_5.webp","contentUrl":"https:\/\/kwadronpmu.com\/wp-content\/uploads\/2025\/11\/TPi_PMU_Brows_A_5.webp","width":713,"height":713},{"@type":"BreadcrumbList","@id":"https:\/\/kwadronpmu.com\/en\/product\/the-pigment-05-dark-brown-15ml#breadcrumb","itemListElement":[{"@type":"ListItem","position":1,"name":"Home","item":"https:\/\/kwadronpmu.com\/en"},{"@type":"ListItem","position":2,"name":"The Pigment &#8211; 05 Dark Brown \u2013 15ml"}]},{"@type":"WebSite","@id":"https:\/\/kwadronpmu.com\/en\/#website","url":"https:\/\/kwadronpmu.com\/en\/","name":"Kwadron PMU","description":"","publisher":{"@id":"https:\/\/kwadronpmu.com\/en\/#organization"},"potentialAction":[{"@type":"SearchAction","target":{"@type":"EntryPoint","urlTemplate":"https:\/\/kwadronpmu.com\/en\/?s={search_term_string}"},"query-input":{"@type":"PropertyValueSpecification","valueRequired":true,"valueName":"search_term_string"}}],"inLanguage":"en-US"},{"@type":"Organization","@id":"https:\/\/kwadronpmu.com\/en\/#organization","name":"Kwadron PMU","url":"https:\/\/kwadronpmu.com\/en\/","logo":{"@type":"ImageObject","inLanguage":"en-US","@id":"https:\/\/kwadronpmu.com\/en\/#\/schema\/logo\/image\/","url":"https:\/\/kwadronpmu.com\/wp-content\/uploads\/2025\/03\/logo-2.png","contentUrl":"https:\/\/kwadronpmu.com\/wp-content\/uploads\/2025\/03\/logo-2.png","width":150,"height":80,"caption":"Kwadron PMU"},"image":{"@id":"https:\/\/kwadronpmu.com\/en\/#\/schema\/logo\/image\/"}}]}},"_links":{"self":[{"href":"https:\/\/kwadronpmu.com\/en\/wp-json\/wp\/v2\/product\/24669","targetHints":{"allow":["GET"]}}],"collection":[{"href":"https:\/\/kwadronpmu.com\/en\/wp-json\/wp\/v2\/product"}],"about":[{"href":"https:\/\/kwadronpmu.com\/en\/wp-json\/wp\/v2\/types\/product"}],"wp:featuredmedia":[{"embeddable":true,"href":"https:\/\/kwadronpmu.com\/en\/wp-json\/wp\/v2\/media\/24687"}],"wp:attachment":[{"href":"https:\/\/kwadronpmu.com\/en\/wp-json\/wp\/v2\/media?parent=24669"}],"wp:term":[{"taxonomy":"product_brand","embeddable":true,"href":"https:\/\/kwadronpmu.com\/en\/wp-json\/wp\/v2\/product_brand?post=24669"},{"taxonomy":"product_cat","embeddable":true,"href":"https:\/\/kwadronpmu.com\/en\/wp-json\/wp\/v2\/product_cat?post=24669"},{"taxonomy":"product_tag","embeddable":true,"href":"https:\/\/kwadronpmu.com\/en\/wp-json\/wp\/v2\/product_tag?post=24669"}],"curies":[{"name":"wp","href":"https:\/\/api.w.org\/{rel}","templated":true}]}}