{"id":21512,"date":"2025-09-19T13:53:29","date_gmt":"2025-09-19T11:53:29","guid":{"rendered":"https:\/\/kwadronpmu.com\/?post_type=product&#038;p=21512"},"modified":"2026-04-06T22:00:13","modified_gmt":"2026-04-06T20:00:13","slug":"glovcon-pmu-needles-25-1rllt-1pc-kopia","status":"publish","type":"product","link":"https:\/\/kwadronpmu.com\/en\/product\/glovcon-pmu-needles-25-1rllt-1pc-kopia","title":{"rendered":"Glovcon PMU Needles 30\/1RLLT 1pc"},"content":{"rendered":"<div id=\"pl-21512\"  class=\"panel-layout\" ><div id=\"pg-21512-0\"  class=\"panel-grid panel-no-style\" ><div id=\"pgc-21512-0-0\"  class=\"panel-grid-cell\" ><div id=\"panel-21512-0-0-0\" class=\"so-panel widget widget_text-widget panel-first-child panel-last-child\" data-index=\"0\" ><div\n\t\t\t\n\t\t\tclass=\"so-widget-text-widget so-widget-text-widget-base\"\n\t\t\t\n\t\t>\n <section class=\"text-widget\">\n\t<div class=\"container\">\n\t\t<div class=\"text\">\n\t\t\t<h2 class=\"h2\"><\/h2>\n\t\t\t<p><section id=\"wrapper\" class=\"l-wrapper section-spacing mt-0\">\n<div class=\"row mx-0\">\n<div id=\"content-wrapper\" class=\"js-content-wrapper layout-content-wrapper layout-content-wrapper--side left-column col-12 col-md-9\">\n<section id=\"main\">\n<div class=\"product-tabs mt-sm-4 mt-2 js-product-tabs\">\n<div class=\"tab-content\">\n<div id=\"description\" class=\"product-tabs__panel tab-pane fade show active\" role=\"tabpanel\">\n<div class=\"product-tabs__content\">\n<div class=\"product-description cms-content\">\n\nIg\u0142y Glovcon to uniwersalne ig\u0142y stworzone z my\u015bl\u0105 o artystach PMU, kt\u00f3rzy oczekuj\u0105 zar\u00f3wno precyzji, jak i elastyczno\u015bci w codziennej pracy. Dzi\u0119ki konfiguracji Round Liner sprawdzaj\u0105 si\u0119 idealnie przy rysowaniu w\u0142osk\u00f3w, kontur\u00f3w czy detali, ale r\u00f3wnie\u017c przy subtelnych wype\u0142nieniach. Dopracowana konstrukcja i dobrze przemy\u015blana forma sprawiaj\u0105, \u017ce mog\u0105 by\u0107 \u015bwietnym wsparciem zar\u00f3wno dla pocz\u0105tkuj\u0105cych, jak i bardziej do\u015bwiadczonych artyst\u00f3w.\n\n<\/div>\n<\/div>\n<\/div>\n<\/div>\n<\/div>\n<\/section><\/div>\n<\/div>\n<\/section><\/p>\n\t\t<\/div>\n\t<\/div>\n<\/section>\n<\/div><\/div><\/div><\/div><div id=\"pg-21512-1\"  class=\"panel-grid panel-no-style\" ><div id=\"pgc-21512-1-0\"  class=\"panel-grid-cell panel-grid-cell-empty\" ><\/div><\/div><div id=\"pg-21512-2\"  class=\"panel-grid panel-no-style\" ><div id=\"pgc-21512-2-0\"  class=\"panel-grid-cell panel-grid-cell-empty\" ><\/div><\/div><div id=\"pg-21512-3\"  class=\"panel-grid panel-no-style\" ><div id=\"pgc-21512-3-0\"  class=\"panel-grid-cell\" ><div id=\"panel-21512-3-0-0\" class=\"so-panel widget panel-first-child panel-last-child\" data-index=\"1\" ><\/div><\/div><\/div><\/div>","protected":false},"excerpt":{"rendered":"<div class=\"mb-4 mb-lg-5 text-sm-left text-center cms-content\">\n<p>Glovcon needles were created for permanent makeup artists who demand flawless results in both detail work and fills. Their configuration allows for even pigment distribution, resulting in a perfect line, ideal for hair strokes, lip contours, or eyeliner.<\/p>\n<\/div>\n","protected":false},"featured_media":21507,"template":"","meta":{"_acf_changed":false},"product_brand":[],"product_cat":[49,262],"product_tag":[79],"class_list":{"0":"post-21512","1":"product","2":"type-product","3":"status-publish","4":"has-post-thumbnail","6":"product_cat-cartridges-1","7":"product_cat-glovcon-2-en","8":"product_tag-rl","10":"first","11":"instock","12":"taxable","13":"shipping-taxable","14":"purchasable","15":"product-type-simple"},"acf":[],"yoast_head":"<!-- This site is optimized with the Yoast SEO Premium plugin v27.1 (Yoast SEO v27.1.1) - https:\/\/yoast.com\/product\/yoast-seo-premium-wordpress\/ -->\n<title>Glovcon PMU Needles 30\/1RLLT 1pc - Kwadron PMU<\/title>\n<meta name=\"robots\" content=\"index, follow, max-snippet:-1, max-image-preview:large, max-video-preview:-1\" \/>\n<link rel=\"canonical\" href=\"https:\/\/kwadronpmu.com\/en\/product\/glovcon-pmu-needles-25-1rllt-1pc-kopia\" \/>\n<meta property=\"og:locale\" content=\"en_US\" \/>\n<meta property=\"og:type\" content=\"article\" \/>\n<meta property=\"og:title\" content=\"Glovcon PMU Needles 30\/1RLLT 1pc\" \/>\n<meta property=\"og:description\" content=\"Glovcon needles were created for permanent makeup artists who demand flawless results in both detail work and fills. Their configuration allows for even pigment distribution, resulting in a perfect line, ideal for hair strokes, lip contours, or eyeliner.\" \/>\n<meta property=\"og:url\" content=\"https:\/\/kwadronpmu.com\/en\/product\/glovcon-pmu-needles-25-1rllt-1pc-kopia\" \/>\n<meta property=\"og:site_name\" content=\"Kwadron PMU\" \/>\n<meta property=\"article:modified_time\" content=\"2026-04-06T20:00:13+00:00\" \/>\n<meta property=\"og:image\" content=\"https:\/\/kwadronpmu.com\/wp-content\/uploads\/2025\/09\/igly-glovcon-cartridge-makeup-rlround-liner.png\" \/>\n\t<meta property=\"og:image:width\" content=\"800\" \/>\n\t<meta property=\"og:image:height\" content=\"800\" \/>\n\t<meta property=\"og:image:type\" content=\"image\/png\" \/>\n<meta name=\"twitter:card\" content=\"summary_large_image\" \/>\n<meta name=\"twitter:label1\" content=\"Est. reading time\" \/>\n\t<meta name=\"twitter:data1\" content=\"1 minute\" \/>\n<script type=\"application\/ld+json\" class=\"yoast-schema-graph\">{\"@context\":\"https:\/\/schema.org\",\"@graph\":[{\"@type\":\"WebPage\",\"@id\":\"https:\/\/kwadronpmu.com\/en\/product\/glovcon-pmu-needles-25-1rllt-1pc-kopia\",\"url\":\"https:\/\/kwadronpmu.com\/en\/product\/glovcon-pmu-needles-25-1rllt-1pc-kopia\",\"name\":\"Glovcon PMU Needles 30\/1RLLT 1pc - Kwadron PMU\",\"isPartOf\":{\"@id\":\"https:\/\/kwadronpmu.com\/en\/#website\"},\"primaryImageOfPage\":{\"@id\":\"https:\/\/kwadronpmu.com\/en\/product\/glovcon-pmu-needles-25-1rllt-1pc-kopia#primaryimage\"},\"image\":{\"@id\":\"https:\/\/kwadronpmu.com\/en\/product\/glovcon-pmu-needles-25-1rllt-1pc-kopia#primaryimage\"},\"thumbnailUrl\":\"https:\/\/kwadronpmu.com\/wp-content\/uploads\/2025\/09\/igly-glovcon-cartridge-makeup-rlround-liner.png\",\"datePublished\":\"2025-09-19T11:53:29+00:00\",\"dateModified\":\"2026-04-06T20:00:13+00:00\",\"breadcrumb\":{\"@id\":\"https:\/\/kwadronpmu.com\/en\/product\/glovcon-pmu-needles-25-1rllt-1pc-kopia#breadcrumb\"},\"inLanguage\":\"en-US\",\"potentialAction\":[{\"@type\":\"ReadAction\",\"target\":[\"https:\/\/kwadronpmu.com\/en\/product\/glovcon-pmu-needles-25-1rllt-1pc-kopia\"]}]},{\"@type\":\"ImageObject\",\"inLanguage\":\"en-US\",\"@id\":\"https:\/\/kwadronpmu.com\/en\/product\/glovcon-pmu-needles-25-1rllt-1pc-kopia#primaryimage\",\"url\":\"https:\/\/kwadronpmu.com\/wp-content\/uploads\/2025\/09\/igly-glovcon-cartridge-makeup-rlround-liner.png\",\"contentUrl\":\"https:\/\/kwadronpmu.com\/wp-content\/uploads\/2025\/09\/igly-glovcon-cartridge-makeup-rlround-liner.png\",\"width\":800,\"height\":800},{\"@type\":\"BreadcrumbList\",\"@id\":\"https:\/\/kwadronpmu.com\/en\/product\/glovcon-pmu-needles-25-1rllt-1pc-kopia#breadcrumb\",\"itemListElement\":[{\"@type\":\"ListItem\",\"position\":1,\"name\":\"Home\",\"item\":\"https:\/\/kwadronpmu.com\/en\"},{\"@type\":\"ListItem\",\"position\":2,\"name\":\"Glovcon PMU Needles 30\/1RLLT 1pc\"}]},{\"@type\":\"WebSite\",\"@id\":\"https:\/\/kwadronpmu.com\/en\/#website\",\"url\":\"https:\/\/kwadronpmu.com\/en\/\",\"name\":\"Kwadron PMU\",\"description\":\"\",\"publisher\":{\"@id\":\"https:\/\/kwadronpmu.com\/en\/#organization\"},\"potentialAction\":[{\"@type\":\"SearchAction\",\"target\":{\"@type\":\"EntryPoint\",\"urlTemplate\":\"https:\/\/kwadronpmu.com\/en\/?s={search_term_string}\"},\"query-input\":{\"@type\":\"PropertyValueSpecification\",\"valueRequired\":true,\"valueName\":\"search_term_string\"}}],\"inLanguage\":\"en-US\"},{\"@type\":\"Organization\",\"@id\":\"https:\/\/kwadronpmu.com\/en\/#organization\",\"name\":\"Kwadron PMU\",\"url\":\"https:\/\/kwadronpmu.com\/en\/\",\"logo\":{\"@type\":\"ImageObject\",\"inLanguage\":\"en-US\",\"@id\":\"https:\/\/kwadronpmu.com\/en\/#\/schema\/logo\/image\/\",\"url\":\"https:\/\/kwadronpmu.com\/wp-content\/uploads\/2025\/03\/logo-2.png\",\"contentUrl\":\"https:\/\/kwadronpmu.com\/wp-content\/uploads\/2025\/03\/logo-2.png\",\"width\":150,\"height\":80,\"caption\":\"Kwadron PMU\"},\"image\":{\"@id\":\"https:\/\/kwadronpmu.com\/en\/#\/schema\/logo\/image\/\"}}]}<\/script>\n<!-- \/ Yoast SEO Premium plugin. -->","yoast_head_json":{"title":"Glovcon PMU Needles 30\/1RLLT 1pc - Kwadron PMU","robots":{"index":"index","follow":"follow","max-snippet":"max-snippet:-1","max-image-preview":"max-image-preview:large","max-video-preview":"max-video-preview:-1"},"canonical":"https:\/\/kwadronpmu.com\/en\/product\/glovcon-pmu-needles-25-1rllt-1pc-kopia","og_locale":"en_US","og_type":"article","og_title":"Glovcon PMU Needles 30\/1RLLT 1pc","og_description":"Glovcon needles were created for permanent makeup artists who demand flawless results in both detail work and fills. Their configuration allows for even pigment distribution, resulting in a perfect line, ideal for hair strokes, lip contours, or eyeliner.","og_url":"https:\/\/kwadronpmu.com\/en\/product\/glovcon-pmu-needles-25-1rllt-1pc-kopia","og_site_name":"Kwadron PMU","article_modified_time":"2026-04-06T20:00:13+00:00","og_image":[{"width":800,"height":800,"url":"https:\/\/kwadronpmu.com\/wp-content\/uploads\/2025\/09\/igly-glovcon-cartridge-makeup-rlround-liner.png","type":"image\/png"}],"twitter_card":"summary_large_image","twitter_misc":{"Est. reading time":"1 minute"},"schema":{"@context":"https:\/\/schema.org","@graph":[{"@type":"WebPage","@id":"https:\/\/kwadronpmu.com\/en\/product\/glovcon-pmu-needles-25-1rllt-1pc-kopia","url":"https:\/\/kwadronpmu.com\/en\/product\/glovcon-pmu-needles-25-1rllt-1pc-kopia","name":"Glovcon PMU Needles 30\/1RLLT 1pc - Kwadron PMU","isPartOf":{"@id":"https:\/\/kwadronpmu.com\/en\/#website"},"primaryImageOfPage":{"@id":"https:\/\/kwadronpmu.com\/en\/product\/glovcon-pmu-needles-25-1rllt-1pc-kopia#primaryimage"},"image":{"@id":"https:\/\/kwadronpmu.com\/en\/product\/glovcon-pmu-needles-25-1rllt-1pc-kopia#primaryimage"},"thumbnailUrl":"https:\/\/kwadronpmu.com\/wp-content\/uploads\/2025\/09\/igly-glovcon-cartridge-makeup-rlround-liner.png","datePublished":"2025-09-19T11:53:29+00:00","dateModified":"2026-04-06T20:00:13+00:00","breadcrumb":{"@id":"https:\/\/kwadronpmu.com\/en\/product\/glovcon-pmu-needles-25-1rllt-1pc-kopia#breadcrumb"},"inLanguage":"en-US","potentialAction":[{"@type":"ReadAction","target":["https:\/\/kwadronpmu.com\/en\/product\/glovcon-pmu-needles-25-1rllt-1pc-kopia"]}]},{"@type":"ImageObject","inLanguage":"en-US","@id":"https:\/\/kwadronpmu.com\/en\/product\/glovcon-pmu-needles-25-1rllt-1pc-kopia#primaryimage","url":"https:\/\/kwadronpmu.com\/wp-content\/uploads\/2025\/09\/igly-glovcon-cartridge-makeup-rlround-liner.png","contentUrl":"https:\/\/kwadronpmu.com\/wp-content\/uploads\/2025\/09\/igly-glovcon-cartridge-makeup-rlround-liner.png","width":800,"height":800},{"@type":"BreadcrumbList","@id":"https:\/\/kwadronpmu.com\/en\/product\/glovcon-pmu-needles-25-1rllt-1pc-kopia#breadcrumb","itemListElement":[{"@type":"ListItem","position":1,"name":"Home","item":"https:\/\/kwadronpmu.com\/en"},{"@type":"ListItem","position":2,"name":"Glovcon PMU Needles 30\/1RLLT 1pc"}]},{"@type":"WebSite","@id":"https:\/\/kwadronpmu.com\/en\/#website","url":"https:\/\/kwadronpmu.com\/en\/","name":"Kwadron PMU","description":"","publisher":{"@id":"https:\/\/kwadronpmu.com\/en\/#organization"},"potentialAction":[{"@type":"SearchAction","target":{"@type":"EntryPoint","urlTemplate":"https:\/\/kwadronpmu.com\/en\/?s={search_term_string}"},"query-input":{"@type":"PropertyValueSpecification","valueRequired":true,"valueName":"search_term_string"}}],"inLanguage":"en-US"},{"@type":"Organization","@id":"https:\/\/kwadronpmu.com\/en\/#organization","name":"Kwadron PMU","url":"https:\/\/kwadronpmu.com\/en\/","logo":{"@type":"ImageObject","inLanguage":"en-US","@id":"https:\/\/kwadronpmu.com\/en\/#\/schema\/logo\/image\/","url":"https:\/\/kwadronpmu.com\/wp-content\/uploads\/2025\/03\/logo-2.png","contentUrl":"https:\/\/kwadronpmu.com\/wp-content\/uploads\/2025\/03\/logo-2.png","width":150,"height":80,"caption":"Kwadron PMU"},"image":{"@id":"https:\/\/kwadronpmu.com\/en\/#\/schema\/logo\/image\/"}}]}},"_links":{"self":[{"href":"https:\/\/kwadronpmu.com\/en\/wp-json\/wp\/v2\/product\/21512","targetHints":{"allow":["GET"]}}],"collection":[{"href":"https:\/\/kwadronpmu.com\/en\/wp-json\/wp\/v2\/product"}],"about":[{"href":"https:\/\/kwadronpmu.com\/en\/wp-json\/wp\/v2\/types\/product"}],"wp:featuredmedia":[{"embeddable":true,"href":"https:\/\/kwadronpmu.com\/en\/wp-json\/wp\/v2\/media\/21507"}],"wp:attachment":[{"href":"https:\/\/kwadronpmu.com\/en\/wp-json\/wp\/v2\/media?parent=21512"}],"wp:term":[{"taxonomy":"product_brand","embeddable":true,"href":"https:\/\/kwadronpmu.com\/en\/wp-json\/wp\/v2\/product_brand?post=21512"},{"taxonomy":"product_cat","embeddable":true,"href":"https:\/\/kwadronpmu.com\/en\/wp-json\/wp\/v2\/product_cat?post=21512"},{"taxonomy":"product_tag","embeddable":true,"href":"https:\/\/kwadronpmu.com\/en\/wp-json\/wp\/v2\/product_tag?post=21512"}],"curies":[{"name":"wp","href":"https:\/\/api.w.org\/{rel}","templated":true}]}}