{"id":17988,"date":"2025-05-26T12:40:20","date_gmt":"2025-05-26T10:40:20","guid":{"rendered":"https:\/\/kwadronpmu.com\/?post_type=product&#038;p=17988"},"modified":"2026-04-03T19:14:18","modified_gmt":"2026-04-03T17:14:18","slug":"kwadron-cartridge-system30-9semlt-soft-edge-magnum-1szt","status":"publish","type":"product","link":"https:\/\/kwadronpmu.com\/en\/product\/kwadron-cartridge-system30-9semlt-soft-edge-magnum-1szt","title":{"rendered":"KWADRON Cartridge System30\/7SEMLT &#8211; Soft Edge Magnum &#8211; 1szt"},"content":{"rendered":"<div id=\"pl-17988\"  class=\"panel-layout\" ><div id=\"pg-17988-0\"  class=\"panel-grid panel-no-style\" ><div id=\"pgc-17988-0-0\"  class=\"panel-grid-cell\" ><div id=\"panel-17988-0-0-0\" class=\"so-panel widget widget_boxes-widget panel-first-child panel-last-child\" data-index=\"0\" ><div\n\t\t\t\n\t\t\tclass=\"so-widget-boxes-widget so-widget-boxes-widget-base\"\n\t\t\t\n\t\t><section class=\"content-boxes\">\n\t\t\t<div class=\"box\">\n\t\t\t<div class=\"image\">\n\t\t\t\t<img decoding=\"async\" src=\"https:\/\/kwadronpmu.com\/wp-content\/uploads\/2025\/05\/115-scaled.jpg\" \/>\n\t\t\t<\/div>\n\t\t\t<div class=\"desc\">\n\t\t\t\t<div class=\"description\">\n\t\t\t\t\t<div class=\"product-description__col product-description__col--text col-12 col-lg-6\">\n<p class=\"product-description__title h1\"><strong>Kwadron Soft Edge Magnum<\/strong><\/p>\n<div class=\"product-description__desc\">\n<p>Due to their 'curved' shape, curved magnums allow the tattooed colours to blend seamlessly without creating a marked edge of colour. This effect is perfect for creating a blurred background, a photographic bokeh-like effect, blending and blending colours with a soft transition. With Kwadron Soft Edge Magnum you will make the edges of the image 'blur' into the skin instead of being outlined.<\/p>\n<\/div>\n<\/div>\n\t\t\t\t\t\t\t\t\t\t\n\t\t\t\t<\/div>\n\t\t\t<\/div>\n\t\t<\/div>\n\t\t\t<div class=\"box\">\n\t\t\t<div class=\"image\">\n\t\t\t\t<img decoding=\"async\" src=\"https:\/\/kwadronpmu.com\/wp-content\/uploads\/2025\/05\/kwadron-cartridge-system-025mm-rl-round-liner-1szt.jpg\" \/>\n\t\t\t<\/div>\n\t\t\t<div class=\"desc\">\n\t\t\t\t<div class=\"description\">\n\t\t\t\t\t<p class=\"product-description__title h1\"><strong>What size of Soft Edge Magnum cartridge should I choose?<\/strong><\/p>\n<div class=\"product-description__desc\">\n<p>If you are wondering what size Kwadron Cartridge Soft Edge Magnum you should choose, we have a hint for you. Smaller ones (fewer needles in the cartridge, such as 25\/7) are great for filling in narrow areas, shading fine details and creating texture. As a general rule, you should use the largest magnum that the tattoo you are doing allows. If you choose to use a small SEM to cover a large area, it will be more difficult to achieve a uniform fill or smooth transition. For example, if you use a size 7 magnum to fill an entire tribal style sleeve, it will take forever and cause unnecessary skin damage to your client. If you do a coloured background, the application of colour will be uneven and cause the tattoo to heal unevenly. If you're going to fill in large areas of skin, use a larger magnum, such as 21 or 23, or opt for the newcomer from Kwadron, the Kwadron Combat Magnum. These will cover a larger area and produce smoother gradients than smaller sets.<\/p>\n<\/div>\n\t\t\t\t\t\t\t\t\t\t\n\t\t\t\t<\/div>\n\t\t\t<\/div>\n\t\t<\/div>\n\t\t\t<div class=\"box\">\n\t\t\t<div class=\"image\">\n\t\t\t\t<img decoding=\"async\" src=\"https:\/\/kwadronpmu.com\/wp-content\/uploads\/2025\/05\/117.png\" \/>\n\t\t\t<\/div>\n\t\t\t<div class=\"desc\">\n\t\t\t\t<div class=\"description\">\n\t\t\t\t\t<p><strong>Kwadron Cartridge System<\/strong><\/p>\n<p>One of the fundamental factors that led to the creation of KWADRON cartridges was the desire to provide a product with the highest utility and, above all, the highest quality unattainable by other brands. Using professional knowledge and experience, following trends and listening to tattooists, we created cartridges perfectly tailored to the needs of our customers. Cartridge Kwadron is the undisputed leader in the world.<\/p>\n\t\t\t\t\t\t\t\t\t\t\n\t\t\t\t<\/div>\n\t\t\t<\/div>\n\t\t<\/div>\n\t<\/section><\/div><\/div><\/div><\/div><div id=\"pg-17988-1\"  class=\"panel-grid panel-no-style\" ><div id=\"pgc-17988-1-0\"  class=\"panel-grid-cell\" ><div id=\"panel-17988-1-0-0\" class=\"so-panel widget widget_text-widget panel-first-child\" data-index=\"1\" ><div\n\t\t\t\n\t\t\tclass=\"so-widget-text-widget so-widget-text-widget-base\"\n\t\t\t\n\t\t>\n <section class=\"text-widget\">\n\t<div class=\"container\">\n\t\t<div class=\"text\">\n\t\t\t<h2 class=\"h2\"><\/h2>\n\t\t\t<p><\/p>\n\t\t<\/div>\n\t<\/div>\n<\/section>\n<\/div><\/div><div id=\"panel-17988-1-0-1\" class=\"so-panel widget widget_text-widget panel-last-child\" data-index=\"2\" ><div\n\t\t\t\n\t\t\tclass=\"so-widget-text-widget so-widget-text-widget-base\"\n\t\t\t\n\t\t>\n <section class=\"text-widget\">\n\t<div class=\"container\">\n\t\t<div class=\"text\">\n\t\t\t<h2 class=\"h2\"><p>What Kwadron Cartridges are made of?<\/p>\n<p>&nbsp;<\/p>\n<\/h2>\n\t\t\t<p>The highly advanced and automated technological process used in the production of KWADRON cartridges ensures that each cartridge is equally perfect. Our cartridges have a unique needle stabilization system that ensures their durability and optimal performance. The cartridges' housing is made of medical-grade plastic, which has reduced friction between the needle and the housing to a minimum, while the needles themselves retain their sharpness. Thanks to all these features, Kwadron cartridges are extremely precise, with stiff and focused blades. Ideal for any technique, style. Achieve more with Kwadron cartridges!\n\n<\/p>\n\t\t<\/div>\n\t<\/div>\n<\/section>\n<\/div><\/div><\/div><\/div><div id=\"pg-17988-2\"  class=\"panel-grid panel-no-style\" ><div id=\"pgc-17988-2-0\"  class=\"panel-grid-cell panel-grid-cell-empty\" ><\/div><\/div><div id=\"pg-17988-3\"  class=\"panel-grid panel-no-style\" ><div id=\"pgc-17988-3-0\"  class=\"panel-grid-cell panel-grid-cell-empty\" ><\/div><\/div><\/div>","protected":false},"excerpt":{"rendered":"<p>Najwy\u017cszej jako\u015bci cartridge KWADRON SEM Soft Edge Magnum o \u015brednicy 0.30 mm (#10). Zakrzywienie igie\u0142 w tym cartridgu powoduje, \u017ce przy cieniowaniu powstaje tzw. mgie\u0142ka, czyli intensywniejszy kolor w centrum i cie\u0144 rzucony na zewn\u0105trz. Idealne do tworzenia tonalnych, \u0142agodnych przej\u015b\u0107, efektu fading i tym podobnych. \u015awietnie sprawdz\u0105 si\u0119 do wype\u0142niania kolorem czerni lub koloru, delikatniejszego cieniowania (mniej traumatycznego dla sk\u00f3ry), jak w portretach, realizmie lub rozmytych t\u0142ach.<\/p>\n<p>Opakowanie 20 sztuk, cena za 1 sztuk\u0119<\/p>\n","protected":false},"featured_media":22658,"template":"","meta":{"_acf_changed":false},"product_brand":[],"product_cat":[49,302],"product_tag":[303],"class_list":{"0":"post-17988","1":"product","2":"type-product","3":"status-publish","4":"has-post-thumbnail","6":"product_cat-cartridges-1","7":"product_cat-kwadron-cartridges-en","8":"product_tag-sem","10":"first","11":"instock","12":"taxable","13":"shipping-taxable","14":"purchasable","15":"product-type-simple"},"acf":[],"yoast_head":"<!-- This site is optimized with the Yoast SEO Premium plugin v27.1 (Yoast SEO v27.1.1) - https:\/\/yoast.com\/product\/yoast-seo-premium-wordpress\/ -->\n<title>KWADRON Cartridge System30\/7SEMLT - Soft Edge Magnum - 1szt - Kwadron PMU<\/title>\n<meta name=\"robots\" content=\"index, follow, max-snippet:-1, max-image-preview:large, max-video-preview:-1\" \/>\n<link rel=\"canonical\" href=\"https:\/\/kwadronpmu.com\/en\/product\/kwadron-cartridge-system30-9semlt-soft-edge-magnum-1szt\" \/>\n<meta property=\"og:locale\" content=\"en_US\" \/>\n<meta property=\"og:type\" content=\"article\" \/>\n<meta property=\"og:title\" content=\"KWADRON Cartridge System30\/7SEMLT - Soft Edge Magnum - 1szt\" \/>\n<meta property=\"og:description\" content=\"Najwy\u017cszej jako\u015bci cartridge KWADRON SEM Soft Edge Magnum o \u015brednicy 0.30 mm (#10). Zakrzywienie igie\u0142 w tym cartridgu powoduje, \u017ce przy cieniowaniu powstaje tzw. mgie\u0142ka, czyli intensywniejszy kolor w centrum i cie\u0144 rzucony na zewn\u0105trz. Idealne do tworzenia tonalnych, \u0142agodnych przej\u015b\u0107, efektu fading i tym podobnych. \u015awietnie sprawdz\u0105 si\u0119 do wype\u0142niania kolorem czerni lub koloru, delikatniejszego cieniowania (mniej traumatycznego dla sk\u00f3ry), jak w portretach, realizmie lub rozmytych t\u0142ach.  Opakowanie 20 sztuk, cena za 1 sztuk\u0119\" \/>\n<meta property=\"og:url\" content=\"https:\/\/kwadronpmu.com\/en\/product\/kwadron-cartridge-system30-9semlt-soft-edge-magnum-1szt\" \/>\n<meta property=\"og:site_name\" content=\"Kwadron PMU\" \/>\n<meta property=\"article:modified_time\" content=\"2026-04-03T17:14:18+00:00\" \/>\n<meta property=\"og:image\" content=\"https:\/\/kwadronpmu.com\/wp-content\/uploads\/2025\/05\/kwadron-cartridge-system-030mm-sem-soft-edge-magnum-1szt-3.jpg\" \/>\n\t<meta property=\"og:image:width\" content=\"800\" \/>\n\t<meta property=\"og:image:height\" content=\"800\" \/>\n\t<meta property=\"og:image:type\" content=\"image\/jpeg\" \/>\n<meta name=\"twitter:card\" content=\"summary_large_image\" \/>\n<meta name=\"twitter:label1\" content=\"Est. reading time\" \/>\n\t<meta name=\"twitter:data1\" content=\"4 minutes\" \/>\n<script type=\"application\/ld+json\" class=\"yoast-schema-graph\">{\"@context\":\"https:\/\/schema.org\",\"@graph\":[{\"@type\":\"WebPage\",\"@id\":\"https:\/\/kwadronpmu.com\/en\/product\/kwadron-cartridge-system30-9semlt-soft-edge-magnum-1szt\",\"url\":\"https:\/\/kwadronpmu.com\/en\/product\/kwadron-cartridge-system30-9semlt-soft-edge-magnum-1szt\",\"name\":\"KWADRON Cartridge System30\/7SEMLT - Soft Edge Magnum - 1szt - Kwadron PMU\",\"isPartOf\":{\"@id\":\"https:\/\/kwadronpmu.com\/en\/#website\"},\"primaryImageOfPage\":{\"@id\":\"https:\/\/kwadronpmu.com\/en\/product\/kwadron-cartridge-system30-9semlt-soft-edge-magnum-1szt#primaryimage\"},\"image\":{\"@id\":\"https:\/\/kwadronpmu.com\/en\/product\/kwadron-cartridge-system30-9semlt-soft-edge-magnum-1szt#primaryimage\"},\"thumbnailUrl\":\"https:\/\/kwadronpmu.com\/wp-content\/uploads\/2025\/05\/kwadron-cartridge-system-030mm-sem-soft-edge-magnum-1szt-3.jpg\",\"datePublished\":\"2025-05-26T10:40:20+00:00\",\"dateModified\":\"2026-04-03T17:14:18+00:00\",\"breadcrumb\":{\"@id\":\"https:\/\/kwadronpmu.com\/en\/product\/kwadron-cartridge-system30-9semlt-soft-edge-magnum-1szt#breadcrumb\"},\"inLanguage\":\"en-US\",\"potentialAction\":[{\"@type\":\"ReadAction\",\"target\":[\"https:\/\/kwadronpmu.com\/en\/product\/kwadron-cartridge-system30-9semlt-soft-edge-magnum-1szt\"]}]},{\"@type\":\"ImageObject\",\"inLanguage\":\"en-US\",\"@id\":\"https:\/\/kwadronpmu.com\/en\/product\/kwadron-cartridge-system30-9semlt-soft-edge-magnum-1szt#primaryimage\",\"url\":\"https:\/\/kwadronpmu.com\/wp-content\/uploads\/2025\/05\/kwadron-cartridge-system-030mm-sem-soft-edge-magnum-1szt-3.jpg\",\"contentUrl\":\"https:\/\/kwadronpmu.com\/wp-content\/uploads\/2025\/05\/kwadron-cartridge-system-030mm-sem-soft-edge-magnum-1szt-3.jpg\",\"width\":800,\"height\":800},{\"@type\":\"BreadcrumbList\",\"@id\":\"https:\/\/kwadronpmu.com\/en\/product\/kwadron-cartridge-system30-9semlt-soft-edge-magnum-1szt#breadcrumb\",\"itemListElement\":[{\"@type\":\"ListItem\",\"position\":1,\"name\":\"Home\",\"item\":\"https:\/\/kwadronpmu.com\/en\"},{\"@type\":\"ListItem\",\"position\":2,\"name\":\"KWADRON Cartridge System30\/7SEMLT &#8211; Soft Edge Magnum &#8211; 1szt\"}]},{\"@type\":\"WebSite\",\"@id\":\"https:\/\/kwadronpmu.com\/en\/#website\",\"url\":\"https:\/\/kwadronpmu.com\/en\/\",\"name\":\"Kwadron PMU\",\"description\":\"\",\"publisher\":{\"@id\":\"https:\/\/kwadronpmu.com\/en\/#organization\"},\"potentialAction\":[{\"@type\":\"SearchAction\",\"target\":{\"@type\":\"EntryPoint\",\"urlTemplate\":\"https:\/\/kwadronpmu.com\/en\/?s={search_term_string}\"},\"query-input\":{\"@type\":\"PropertyValueSpecification\",\"valueRequired\":true,\"valueName\":\"search_term_string\"}}],\"inLanguage\":\"en-US\"},{\"@type\":\"Organization\",\"@id\":\"https:\/\/kwadronpmu.com\/en\/#organization\",\"name\":\"Kwadron PMU\",\"url\":\"https:\/\/kwadronpmu.com\/en\/\",\"logo\":{\"@type\":\"ImageObject\",\"inLanguage\":\"en-US\",\"@id\":\"https:\/\/kwadronpmu.com\/en\/#\/schema\/logo\/image\/\",\"url\":\"https:\/\/kwadronpmu.com\/wp-content\/uploads\/2025\/03\/logo-2.png\",\"contentUrl\":\"https:\/\/kwadronpmu.com\/wp-content\/uploads\/2025\/03\/logo-2.png\",\"width\":150,\"height\":80,\"caption\":\"Kwadron PMU\"},\"image\":{\"@id\":\"https:\/\/kwadronpmu.com\/en\/#\/schema\/logo\/image\/\"}}]}<\/script>\n<!-- \/ Yoast SEO Premium plugin. -->","yoast_head_json":{"title":"KWADRON Cartridge System30\/7SEMLT - Soft Edge Magnum - 1szt - Kwadron PMU","robots":{"index":"index","follow":"follow","max-snippet":"max-snippet:-1","max-image-preview":"max-image-preview:large","max-video-preview":"max-video-preview:-1"},"canonical":"https:\/\/kwadronpmu.com\/en\/product\/kwadron-cartridge-system30-9semlt-soft-edge-magnum-1szt","og_locale":"en_US","og_type":"article","og_title":"KWADRON Cartridge System30\/7SEMLT - Soft Edge Magnum - 1szt","og_description":"Najwy\u017cszej jako\u015bci cartridge KWADRON SEM Soft Edge Magnum o \u015brednicy 0.30 mm (#10). Zakrzywienie igie\u0142 w tym cartridgu powoduje, \u017ce przy cieniowaniu powstaje tzw. mgie\u0142ka, czyli intensywniejszy kolor w centrum i cie\u0144 rzucony na zewn\u0105trz. Idealne do tworzenia tonalnych, \u0142agodnych przej\u015b\u0107, efektu fading i tym podobnych. \u015awietnie sprawdz\u0105 si\u0119 do wype\u0142niania kolorem czerni lub koloru, delikatniejszego cieniowania (mniej traumatycznego dla sk\u00f3ry), jak w portretach, realizmie lub rozmytych t\u0142ach.  Opakowanie 20 sztuk, cena za 1 sztuk\u0119","og_url":"https:\/\/kwadronpmu.com\/en\/product\/kwadron-cartridge-system30-9semlt-soft-edge-magnum-1szt","og_site_name":"Kwadron PMU","article_modified_time":"2026-04-03T17:14:18+00:00","og_image":[{"width":800,"height":800,"url":"https:\/\/kwadronpmu.com\/wp-content\/uploads\/2025\/05\/kwadron-cartridge-system-030mm-sem-soft-edge-magnum-1szt-3.jpg","type":"image\/jpeg"}],"twitter_card":"summary_large_image","twitter_misc":{"Est. reading time":"4 minutes"},"schema":{"@context":"https:\/\/schema.org","@graph":[{"@type":"WebPage","@id":"https:\/\/kwadronpmu.com\/en\/product\/kwadron-cartridge-system30-9semlt-soft-edge-magnum-1szt","url":"https:\/\/kwadronpmu.com\/en\/product\/kwadron-cartridge-system30-9semlt-soft-edge-magnum-1szt","name":"KWADRON Cartridge System30\/7SEMLT - Soft Edge Magnum - 1szt - Kwadron PMU","isPartOf":{"@id":"https:\/\/kwadronpmu.com\/en\/#website"},"primaryImageOfPage":{"@id":"https:\/\/kwadronpmu.com\/en\/product\/kwadron-cartridge-system30-9semlt-soft-edge-magnum-1szt#primaryimage"},"image":{"@id":"https:\/\/kwadronpmu.com\/en\/product\/kwadron-cartridge-system30-9semlt-soft-edge-magnum-1szt#primaryimage"},"thumbnailUrl":"https:\/\/kwadronpmu.com\/wp-content\/uploads\/2025\/05\/kwadron-cartridge-system-030mm-sem-soft-edge-magnum-1szt-3.jpg","datePublished":"2025-05-26T10:40:20+00:00","dateModified":"2026-04-03T17:14:18+00:00","breadcrumb":{"@id":"https:\/\/kwadronpmu.com\/en\/product\/kwadron-cartridge-system30-9semlt-soft-edge-magnum-1szt#breadcrumb"},"inLanguage":"en-US","potentialAction":[{"@type":"ReadAction","target":["https:\/\/kwadronpmu.com\/en\/product\/kwadron-cartridge-system30-9semlt-soft-edge-magnum-1szt"]}]},{"@type":"ImageObject","inLanguage":"en-US","@id":"https:\/\/kwadronpmu.com\/en\/product\/kwadron-cartridge-system30-9semlt-soft-edge-magnum-1szt#primaryimage","url":"https:\/\/kwadronpmu.com\/wp-content\/uploads\/2025\/05\/kwadron-cartridge-system-030mm-sem-soft-edge-magnum-1szt-3.jpg","contentUrl":"https:\/\/kwadronpmu.com\/wp-content\/uploads\/2025\/05\/kwadron-cartridge-system-030mm-sem-soft-edge-magnum-1szt-3.jpg","width":800,"height":800},{"@type":"BreadcrumbList","@id":"https:\/\/kwadronpmu.com\/en\/product\/kwadron-cartridge-system30-9semlt-soft-edge-magnum-1szt#breadcrumb","itemListElement":[{"@type":"ListItem","position":1,"name":"Home","item":"https:\/\/kwadronpmu.com\/en"},{"@type":"ListItem","position":2,"name":"KWADRON Cartridge System30\/7SEMLT &#8211; Soft Edge Magnum &#8211; 1szt"}]},{"@type":"WebSite","@id":"https:\/\/kwadronpmu.com\/en\/#website","url":"https:\/\/kwadronpmu.com\/en\/","name":"Kwadron PMU","description":"","publisher":{"@id":"https:\/\/kwadronpmu.com\/en\/#organization"},"potentialAction":[{"@type":"SearchAction","target":{"@type":"EntryPoint","urlTemplate":"https:\/\/kwadronpmu.com\/en\/?s={search_term_string}"},"query-input":{"@type":"PropertyValueSpecification","valueRequired":true,"valueName":"search_term_string"}}],"inLanguage":"en-US"},{"@type":"Organization","@id":"https:\/\/kwadronpmu.com\/en\/#organization","name":"Kwadron PMU","url":"https:\/\/kwadronpmu.com\/en\/","logo":{"@type":"ImageObject","inLanguage":"en-US","@id":"https:\/\/kwadronpmu.com\/en\/#\/schema\/logo\/image\/","url":"https:\/\/kwadronpmu.com\/wp-content\/uploads\/2025\/03\/logo-2.png","contentUrl":"https:\/\/kwadronpmu.com\/wp-content\/uploads\/2025\/03\/logo-2.png","width":150,"height":80,"caption":"Kwadron PMU"},"image":{"@id":"https:\/\/kwadronpmu.com\/en\/#\/schema\/logo\/image\/"}}]}},"_links":{"self":[{"href":"https:\/\/kwadronpmu.com\/en\/wp-json\/wp\/v2\/product\/17988","targetHints":{"allow":["GET"]}}],"collection":[{"href":"https:\/\/kwadronpmu.com\/en\/wp-json\/wp\/v2\/product"}],"about":[{"href":"https:\/\/kwadronpmu.com\/en\/wp-json\/wp\/v2\/types\/product"}],"wp:featuredmedia":[{"embeddable":true,"href":"https:\/\/kwadronpmu.com\/en\/wp-json\/wp\/v2\/media\/22658"}],"wp:attachment":[{"href":"https:\/\/kwadronpmu.com\/en\/wp-json\/wp\/v2\/media?parent=17988"}],"wp:term":[{"taxonomy":"product_brand","embeddable":true,"href":"https:\/\/kwadronpmu.com\/en\/wp-json\/wp\/v2\/product_brand?post=17988"},{"taxonomy":"product_cat","embeddable":true,"href":"https:\/\/kwadronpmu.com\/en\/wp-json\/wp\/v2\/product_cat?post=17988"},{"taxonomy":"product_tag","embeddable":true,"href":"https:\/\/kwadronpmu.com\/en\/wp-json\/wp\/v2\/product_tag?post=17988"}],"curies":[{"name":"wp","href":"https:\/\/api.w.org\/{rel}","templated":true}]}}